{"id":1004,"date":"2025-04-16T10:16:32","date_gmt":"2025-04-16T08:16:32","guid":{"rendered":"https:\/\/www.dascavives.com\/botiga\/malvasia-de-sitges\/"},"modified":"2025-04-24T11:06:11","modified_gmt":"2025-04-24T09:06:11","slug":"malvasia-de-sitges","status":"publish","type":"product","link":"https:\/\/www.dascavives.com\/es\/producte\/malvasia-de-sitges\/","title":{"rendered":"MALVASIA DE SITGES 2022"},"content":{"rendered":"","protected":false},"excerpt":{"rendered":"<h2>Vi\u00f1a<\/h2>\n<p>Finca de Bellavista. Vi\u00f1edos cultivados en emparrado<\/p>\n<h2>Variedades<\/h2>\n<p>100% Malvas\u00eda de Sitges (variedad recuperada originaria de la comarca del Garraf)<\/p>\n<h2>Elaboraci\u00f3n<\/h2>\n<p>Vendimia manual en cajas. Fermentaci\u00f3n alcoh\u00f3lica espont\u00e1nea, en tinas de acero inoxidable, con las levaduras naturales propias de la uva. Trabajo con las l\u00edas durante todo el invierno. Sin adici\u00f3n de clarificantes. <\/p>\n<h2>Datos anal\u00edticos<\/h2>\n<p>Grado alcoh\u00f3lico: 14%<\/p>\n<h2>Cata<\/h2>\n<p>Intensa fruta madura y excelente acidez. Muy bien estructurado y persistente en boca. <\/p>\n","protected":false},"featured_media":773,"template":"","meta":{"ocean_post_layout":"","ocean_both_sidebars_style":"","ocean_both_sidebars_content_width":0,"ocean_both_sidebars_sidebars_width":0,"ocean_sidebar":"0","ocean_second_sidebar":"0","ocean_disable_margins":"enable","ocean_add_body_class":"","ocean_shortcode_before_top_bar":"","ocean_shortcode_after_top_bar":"","ocean_shortcode_before_header":"","ocean_shortcode_after_header":"","ocean_has_shortcode":"","ocean_shortcode_after_title":"","ocean_shortcode_before_footer_widgets":"","ocean_shortcode_after_footer_widgets":"","ocean_shortcode_before_footer_bottom":"","ocean_shortcode_after_footer_bottom":"","ocean_display_top_bar":"default","ocean_display_header":"default","ocean_header_style":"","ocean_center_header_left_menu":"0","ocean_custom_header_template":"0","ocean_custom_logo":0,"ocean_custom_retina_logo":0,"ocean_custom_logo_max_width":0,"ocean_custom_logo_tablet_max_width":0,"ocean_custom_logo_mobile_max_width":0,"ocean_custom_logo_max_height":0,"ocean_custom_logo_tablet_max_height":0,"ocean_custom_logo_mobile_max_height":0,"ocean_header_custom_menu":"0","ocean_menu_typo_font_family":"0","ocean_menu_typo_font_subset":"","ocean_menu_typo_font_size":0,"ocean_menu_typo_font_size_tablet":0,"ocean_menu_typo_font_size_mobile":0,"ocean_menu_typo_font_size_unit":"px","ocean_menu_typo_font_weight":"","ocean_menu_typo_font_weight_tablet":"","ocean_menu_typo_font_weight_mobile":"","ocean_menu_typo_transform":"","ocean_menu_typo_transform_tablet":"","ocean_menu_typo_transform_mobile":"","ocean_menu_typo_line_height":0,"ocean_menu_typo_line_height_tablet":0,"ocean_menu_typo_line_height_mobile":0,"ocean_menu_typo_line_height_unit":"","ocean_menu_typo_spacing":0,"ocean_menu_typo_spacing_tablet":0,"ocean_menu_typo_spacing_mobile":0,"ocean_menu_typo_spacing_unit":"","ocean_menu_link_color":"","ocean_menu_link_color_hover":"","ocean_menu_link_color_active":"","ocean_menu_link_background":"","ocean_menu_link_hover_background":"","ocean_menu_link_active_background":"","ocean_menu_social_links_bg":"","ocean_menu_social_hover_links_bg":"","ocean_menu_social_links_color":"","ocean_menu_social_hover_links_color":"","ocean_disable_title":"default","ocean_disable_heading":"default","ocean_post_title":"","ocean_post_subheading":"","ocean_post_title_style":"","ocean_post_title_background_color":"","ocean_post_title_background":0,"ocean_post_title_bg_image_position":"","ocean_post_title_bg_image_attachment":"","ocean_post_title_bg_image_repeat":"","ocean_post_title_bg_image_size":"","ocean_post_title_height":0,"ocean_post_title_bg_overlay":0.5,"ocean_post_title_bg_overlay_color":"","ocean_disable_breadcrumbs":"default","ocean_breadcrumbs_color":"","ocean_breadcrumbs_separator_color":"","ocean_breadcrumbs_links_color":"","ocean_breadcrumbs_links_hover_color":"","ocean_display_footer_widgets":"default","ocean_display_footer_bottom":"default","ocean_custom_footer_template":"0"},"product_brand":[],"product_cat":[35],"product_tag":[],"class_list":{"0":"post-1004","1":"product","2":"type-product","3":"status-publish","4":"has-post-thumbnail","6":"product_cat-sin-categoria","8":"entry","9":"has-media","11":"first","12":"instock","13":"taxable","14":"shipping-taxable","15":"purchasable","16":"product-type-simple","17":"col","18":"span_1_of_4","19":"owp-content-center","20":"owp-thumbs-layout-horizontal","21":"owp-btn-normal","22":"owp-tabs-layout-horizontal","23":"has-no-thumbnails"},"yoast_head":"<!-- This site is optimized with the Yoast SEO plugin v27.5 - https:\/\/yoast.com\/product\/yoast-seo-wordpress\/ -->\n<title>MALVASIA DE SITGES 2022 - Dasca Vives - Agricultura ecol\u00f2gica<\/title>\n<meta name=\"description\" content=\"Vino de cepas cultivadas en emparrado, de la variedad Malvas\u00eda de Sitges. Encontrar\u00e9is intensa fruta madura y excelente acidez. Muy bien estructurado y persistente en boca.\" \/>\n<meta name=\"robots\" content=\"index, follow, max-snippet:-1, max-image-preview:large, max-video-preview:-1\" \/>\n<link rel=\"canonical\" href=\"https:\/\/www.dascavives.com\/es\/producte\/malvasia-de-sitges\/\" \/>\n<meta property=\"og:locale\" content=\"es_ES\" \/>\n<meta property=\"og:type\" content=\"article\" \/>\n<meta property=\"og:title\" content=\"MALVASIA DE SITGES 2022 - Dasca Vives - Agricultura ecol\u00f2gica\" \/>\n<meta property=\"og:description\" content=\"Vino de cepas cultivadas en emparrado, de la variedad Malvas\u00eda de Sitges. Encontrar\u00e9is intensa fruta madura y excelente acidez. Muy bien estructurado y persistente en boca.\" \/>\n<meta property=\"og:url\" content=\"https:\/\/www.dascavives.com\/es\/producte\/malvasia-de-sitges\/\" \/>\n<meta property=\"og:site_name\" content=\"Dasca Vives - Agricultura ecol\u00f2gica\" \/>\n<meta property=\"article:modified_time\" content=\"2025-04-24T09:06:11+00:00\" \/>\n<meta property=\"og:image\" content=\"https:\/\/www.dascavives.com\/wp-content\/uploads\/2025\/04\/Malvasia-de-Sitges-2022.jpg\" \/>\n\t<meta property=\"og:image:width\" content=\"1300\" \/>\n\t<meta property=\"og:image:height\" content=\"1950\" \/>\n\t<meta property=\"og:image:type\" content=\"image\/jpeg\" \/>\n<meta name=\"twitter:card\" content=\"summary_large_image\" \/>\n<script type=\"application\/ld+json\" class=\"yoast-schema-graph\">{\"@context\":\"https:\\\/\\\/schema.org\",\"@graph\":[{\"@type\":\"WebPage\",\"@id\":\"https:\\\/\\\/www.dascavives.com\\\/es\\\/producte\\\/malvasia-de-sitges\\\/\",\"url\":\"https:\\\/\\\/www.dascavives.com\\\/es\\\/producte\\\/malvasia-de-sitges\\\/\",\"name\":\"MALVASIA DE SITGES 2022 - Dasca Vives - Agricultura ecol\u00f2gica\",\"isPartOf\":{\"@id\":\"https:\\\/\\\/www.dascavives.com\\\/es\\\/#website\"},\"primaryImageOfPage\":{\"@id\":\"https:\\\/\\\/www.dascavives.com\\\/es\\\/producte\\\/malvasia-de-sitges\\\/#primaryimage\"},\"image\":{\"@id\":\"https:\\\/\\\/www.dascavives.com\\\/es\\\/producte\\\/malvasia-de-sitges\\\/#primaryimage\"},\"thumbnailUrl\":\"https:\\\/\\\/www.dascavives.com\\\/wp-content\\\/uploads\\\/2025\\\/04\\\/Malvasia-de-Sitges-2022.jpg\",\"datePublished\":\"2025-04-16T08:16:32+00:00\",\"dateModified\":\"2025-04-24T09:06:11+00:00\",\"description\":\"Vino de cepas cultivadas en emparrado, de la variedad Malvas\u00eda de Sitges. Encontrar\u00e9is intensa fruta madura y excelente acidez. Muy bien estructurado y persistente en boca.\",\"breadcrumb\":{\"@id\":\"https:\\\/\\\/www.dascavives.com\\\/es\\\/producte\\\/malvasia-de-sitges\\\/#breadcrumb\"},\"inLanguage\":\"es\",\"potentialAction\":[{\"@type\":\"ReadAction\",\"target\":[\"https:\\\/\\\/www.dascavives.com\\\/es\\\/producte\\\/malvasia-de-sitges\\\/\"]}]},{\"@type\":\"ImageObject\",\"inLanguage\":\"es\",\"@id\":\"https:\\\/\\\/www.dascavives.com\\\/es\\\/producte\\\/malvasia-de-sitges\\\/#primaryimage\",\"url\":\"https:\\\/\\\/www.dascavives.com\\\/wp-content\\\/uploads\\\/2025\\\/04\\\/Malvasia-de-Sitges-2022.jpg\",\"contentUrl\":\"https:\\\/\\\/www.dascavives.com\\\/wp-content\\\/uploads\\\/2025\\\/04\\\/Malvasia-de-Sitges-2022.jpg\",\"width\":1300,\"height\":1950,\"caption\":\"Malvasia de Sitges 2022\"},{\"@type\":\"BreadcrumbList\",\"@id\":\"https:\\\/\\\/www.dascavives.com\\\/es\\\/producte\\\/malvasia-de-sitges\\\/#breadcrumb\",\"itemListElement\":[{\"@type\":\"ListItem\",\"position\":1,\"name\":\"Inici\",\"item\":\"https:\\\/\\\/www.dascavives.com\\\/es\\\/\"},{\"@type\":\"ListItem\",\"position\":2,\"name\":\"Tienda\",\"item\":\"https:\\\/\\\/www.dascavives.com\\\/es\\\/compra-vino\\\/\"},{\"@type\":\"ListItem\",\"position\":3,\"name\":\"MALVASIA DE SITGES 2022\"}]},{\"@type\":\"WebSite\",\"@id\":\"https:\\\/\\\/www.dascavives.com\\\/es\\\/#website\",\"url\":\"https:\\\/\\\/www.dascavives.com\\\/es\\\/\",\"name\":\"Dasca Vives - Agricultura ecol\u00f2gica\",\"description\":\"Celler Dasca Vives. Agricultura ecol\u00f2gica.\",\"publisher\":{\"@id\":\"https:\\\/\\\/www.dascavives.com\\\/es\\\/#organization\"},\"potentialAction\":[{\"@type\":\"SearchAction\",\"target\":{\"@type\":\"EntryPoint\",\"urlTemplate\":\"https:\\\/\\\/www.dascavives.com\\\/es\\\/?s={search_term_string}\"},\"query-input\":{\"@type\":\"PropertyValueSpecification\",\"valueRequired\":true,\"valueName\":\"search_term_string\"}}],\"inLanguage\":\"es\"},{\"@type\":\"Organization\",\"@id\":\"https:\\\/\\\/www.dascavives.com\\\/es\\\/#organization\",\"name\":\"Dasca Vives - Agricultura ecol\u00f2gica\",\"url\":\"https:\\\/\\\/www.dascavives.com\\\/es\\\/\",\"logo\":{\"@type\":\"ImageObject\",\"inLanguage\":\"es\",\"@id\":\"https:\\\/\\\/www.dascavives.com\\\/es\\\/#\\\/schema\\\/logo\\\/image\\\/\",\"url\":\"https:\\\/\\\/www.dascavives.com\\\/wp-content\\\/uploads\\\/2025\\\/04\\\/dasca-vives-logo-web.png\",\"contentUrl\":\"https:\\\/\\\/www.dascavives.com\\\/wp-content\\\/uploads\\\/2025\\\/04\\\/dasca-vives-logo-web.png\",\"width\":300,\"height\":91,\"caption\":\"Dasca Vives - Agricultura ecol\u00f2gica\"},\"image\":{\"@id\":\"https:\\\/\\\/www.dascavives.com\\\/es\\\/#\\\/schema\\\/logo\\\/image\\\/\"},\"sameAs\":[\"https:\\\/\\\/www.instagram.com\\\/dascavives\\\/\"]}]}<\/script>\n<!-- \/ Yoast SEO plugin. -->","yoast_head_json":{"title":"MALVASIA DE SITGES 2022 - Dasca Vives - Agricultura ecol\u00f2gica","description":"Vino de cepas cultivadas en emparrado, de la variedad Malvas\u00eda de Sitges. Encontrar\u00e9is intensa fruta madura y excelente acidez. Muy bien estructurado y persistente en boca.","robots":{"index":"index","follow":"follow","max-snippet":"max-snippet:-1","max-image-preview":"max-image-preview:large","max-video-preview":"max-video-preview:-1"},"canonical":"https:\/\/www.dascavives.com\/es\/producte\/malvasia-de-sitges\/","og_locale":"es_ES","og_type":"article","og_title":"MALVASIA DE SITGES 2022 - Dasca Vives - Agricultura ecol\u00f2gica","og_description":"Vino de cepas cultivadas en emparrado, de la variedad Malvas\u00eda de Sitges. Encontrar\u00e9is intensa fruta madura y excelente acidez. Muy bien estructurado y persistente en boca.","og_url":"https:\/\/www.dascavives.com\/es\/producte\/malvasia-de-sitges\/","og_site_name":"Dasca Vives - Agricultura ecol\u00f2gica","article_modified_time":"2025-04-24T09:06:11+00:00","og_image":[{"width":1300,"height":1950,"url":"https:\/\/www.dascavives.com\/wp-content\/uploads\/2025\/04\/Malvasia-de-Sitges-2022.jpg","type":"image\/jpeg"}],"twitter_card":"summary_large_image","schema":{"@context":"https:\/\/schema.org","@graph":[{"@type":"WebPage","@id":"https:\/\/www.dascavives.com\/es\/producte\/malvasia-de-sitges\/","url":"https:\/\/www.dascavives.com\/es\/producte\/malvasia-de-sitges\/","name":"MALVASIA DE SITGES 2022 - Dasca Vives - Agricultura ecol\u00f2gica","isPartOf":{"@id":"https:\/\/www.dascavives.com\/es\/#website"},"primaryImageOfPage":{"@id":"https:\/\/www.dascavives.com\/es\/producte\/malvasia-de-sitges\/#primaryimage"},"image":{"@id":"https:\/\/www.dascavives.com\/es\/producte\/malvasia-de-sitges\/#primaryimage"},"thumbnailUrl":"https:\/\/www.dascavives.com\/wp-content\/uploads\/2025\/04\/Malvasia-de-Sitges-2022.jpg","datePublished":"2025-04-16T08:16:32+00:00","dateModified":"2025-04-24T09:06:11+00:00","description":"Vino de cepas cultivadas en emparrado, de la variedad Malvas\u00eda de Sitges. Encontrar\u00e9is intensa fruta madura y excelente acidez. Muy bien estructurado y persistente en boca.","breadcrumb":{"@id":"https:\/\/www.dascavives.com\/es\/producte\/malvasia-de-sitges\/#breadcrumb"},"inLanguage":"es","potentialAction":[{"@type":"ReadAction","target":["https:\/\/www.dascavives.com\/es\/producte\/malvasia-de-sitges\/"]}]},{"@type":"ImageObject","inLanguage":"es","@id":"https:\/\/www.dascavives.com\/es\/producte\/malvasia-de-sitges\/#primaryimage","url":"https:\/\/www.dascavives.com\/wp-content\/uploads\/2025\/04\/Malvasia-de-Sitges-2022.jpg","contentUrl":"https:\/\/www.dascavives.com\/wp-content\/uploads\/2025\/04\/Malvasia-de-Sitges-2022.jpg","width":1300,"height":1950,"caption":"Malvasia de Sitges 2022"},{"@type":"BreadcrumbList","@id":"https:\/\/www.dascavives.com\/es\/producte\/malvasia-de-sitges\/#breadcrumb","itemListElement":[{"@type":"ListItem","position":1,"name":"Inici","item":"https:\/\/www.dascavives.com\/es\/"},{"@type":"ListItem","position":2,"name":"Tienda","item":"https:\/\/www.dascavives.com\/es\/compra-vino\/"},{"@type":"ListItem","position":3,"name":"MALVASIA DE SITGES 2022"}]},{"@type":"WebSite","@id":"https:\/\/www.dascavives.com\/es\/#website","url":"https:\/\/www.dascavives.com\/es\/","name":"Dasca Vives - Agricultura ecol\u00f2gica","description":"Celler Dasca Vives. Agricultura ecol\u00f2gica.","publisher":{"@id":"https:\/\/www.dascavives.com\/es\/#organization"},"potentialAction":[{"@type":"SearchAction","target":{"@type":"EntryPoint","urlTemplate":"https:\/\/www.dascavives.com\/es\/?s={search_term_string}"},"query-input":{"@type":"PropertyValueSpecification","valueRequired":true,"valueName":"search_term_string"}}],"inLanguage":"es"},{"@type":"Organization","@id":"https:\/\/www.dascavives.com\/es\/#organization","name":"Dasca Vives - Agricultura ecol\u00f2gica","url":"https:\/\/www.dascavives.com\/es\/","logo":{"@type":"ImageObject","inLanguage":"es","@id":"https:\/\/www.dascavives.com\/es\/#\/schema\/logo\/image\/","url":"https:\/\/www.dascavives.com\/wp-content\/uploads\/2025\/04\/dasca-vives-logo-web.png","contentUrl":"https:\/\/www.dascavives.com\/wp-content\/uploads\/2025\/04\/dasca-vives-logo-web.png","width":300,"height":91,"caption":"Dasca Vives - Agricultura ecol\u00f2gica"},"image":{"@id":"https:\/\/www.dascavives.com\/es\/#\/schema\/logo\/image\/"},"sameAs":["https:\/\/www.instagram.com\/dascavives\/"]}]}},"_links":{"self":[{"href":"https:\/\/www.dascavives.com\/es\/wp-json\/wp\/v2\/product\/1004","targetHints":{"allow":["GET"]}}],"collection":[{"href":"https:\/\/www.dascavives.com\/es\/wp-json\/wp\/v2\/product"}],"about":[{"href":"https:\/\/www.dascavives.com\/es\/wp-json\/wp\/v2\/types\/product"}],"wp:featuredmedia":[{"embeddable":true,"href":"https:\/\/www.dascavives.com\/es\/wp-json\/wp\/v2\/media\/773"}],"wp:attachment":[{"href":"https:\/\/www.dascavives.com\/es\/wp-json\/wp\/v2\/media?parent=1004"}],"wp:term":[{"taxonomy":"product_brand","embeddable":true,"href":"https:\/\/www.dascavives.com\/es\/wp-json\/wp\/v2\/product_brand?post=1004"},{"taxonomy":"product_cat","embeddable":true,"href":"https:\/\/www.dascavives.com\/es\/wp-json\/wp\/v2\/product_cat?post=1004"},{"taxonomy":"product_tag","embeddable":true,"href":"https:\/\/www.dascavives.com\/es\/wp-json\/wp\/v2\/product_tag?post=1004"}],"curies":[{"name":"wp","href":"https:\/\/api.w.org\/{rel}","templated":true}]}}