{"id":896,"date":"2025-04-16T16:19:10","date_gmt":"2025-04-16T14:19:10","guid":{"rendered":"https:\/\/www.dascavives.com\/reembolsamientos_devoluciones\/"},"modified":"2025-04-17T10:31:34","modified_gmt":"2025-04-17T08:31:34","slug":"reembolsamientos_devoluciones","status":"publish","type":"page","link":"https:\/\/www.dascavives.com\/es\/reembolsamientos_devoluciones\/","title":{"rendered":"Pol\u00edtica de venta, t\u00e9rminos y condiciones legales"},"content":{"rendered":"\n<p>Los datos de car\u00e1cter personal que nos facilite mediante la compra quedar\u00e1n registrados en un archivo de Josep Dasca Batalla, con la finalidad de atender su solicitud. La legitimaci\u00f3n se realiza a trav\u00e9s del consentimiento del interesado. Si no se acepta, no podremos atender su solicitud de forma adecuada.   <a href=\"https:\/\/www.carlania.com\/politica-privacitat\/\"><strong>Puedes consultar nuestra pol\u00edtica de privacidad.<\/strong><\/a> Puedes ejercitar los derechos de acceso, rectificaci\u00f3n, cancelaci\u00f3n y oposici\u00f3n en celler@dascavives.com<\/p>\n\n<p>CELLER DASCA VIVES<\/p>\n\n<p>C\/ Germans Sant Gabriel, 9 43800 Valls \u2013 Tarragona &#8211; Catalunya<\/p>\n\n<p><a href=\"mailto:info@carlania.com\"><strong>celler@dascavives.com<\/strong><\/a><\/p>\n\n<p>Tel\u00e9fono: 679966897<\/p>\n\n<p><strong>DATOS FISCALES. INFORMACI\u00d3N. CONDICIONES GENERALES  <\/strong><\/p>\n\n<p>1 \u2013 Las ventas se realizan por parte del Celler Dasca Vives \u2013 Josep Dasca Batalla, c\/ Germans Sant Gabriel, 9 43800 Valls, Tarragona, con NIF 39701873D, y con tel\u00e9fono de atenci\u00f3n al cliente: 679966897<\/p>\n\n<p>2 \u2013 Los precios incluyen el IVA correspondiente.<\/p>\n\n<p>3 \u2013 Se hacen env\u00edos s\u00f3lo a cualquier punto de la Espa\u00f1a Peninsular.<\/p>\n\n<p>4 \u2013 Transporte. Gratuito en toda Catalu\u00f1a en pedidos m\u00ednimos de 12 botellas. En el resto del estado, en funci\u00f3n de la cantidad del pedido y el lugar de env\u00edo los gastos de transporte ser\u00e1n los correspondientes.  <\/p>\n\n<p>5 \u2013 Queda prohibida la venta de bebidas alcoh\u00f3licas a menores de 18 a\u00f1os.<\/p>\n\n<p>6 \u2013 Devolucions: El client t\u00e9 el dret a retornar la mercaderia en el termini de 7 dies. Ha de comunicar la intenci\u00f3 de formalitzar la devoluci\u00f3 dins d\u2019aquest termini mitjan\u00e7ant un e-mail a <a href=\"mailto:celler@dascavives.com\"><strong>celler@dascavives.com<\/strong><\/a>. Los gastos de transporte de la devoluci\u00f3n corren a cargo del cliente.  <\/p>\n\n<p>7 \u2013 Legislaci\u00f3n: Las ventas a distancia est\u00e1n reguladas por las leyes 7\/1996 de Ordenaci\u00f3n del Comercio Minorista, modificado por la ley 47\/2002 que se ajusta a la Directiva Europea 97\/7\/CE. El tratamiento de datos se ajusta a la ley 15\/1999 de protecci\u00f3n de Datos de Car\u00e1cter Personal. <\/p>\n","protected":false},"excerpt":{"rendered":"<p>Los datos de car\u00e1cter personal que nos facilite mediante la compra quedar\u00e1n registrados en un archivo de Josep Dasca Batalla, con la finalidad de atender su solicitud. La legitimaci\u00f3n se realiza a trav\u00e9s del consentimiento del interesado. Si no se acepta, no podremos atender su solicitud de forma adecuada. Puedes consultar nuestra pol\u00edtica de privacidad. [&hellip;]<\/p>\n","protected":false},"author":1,"featured_media":0,"parent":0,"menu_order":0,"comment_status":"closed","ping_status":"closed","template":"","meta":{"ocean_post_layout":"full-width","ocean_both_sidebars_style":"","ocean_both_sidebars_content_width":0,"ocean_both_sidebars_sidebars_width":0,"ocean_sidebar":"","ocean_second_sidebar":"","ocean_disable_margins":"enable","ocean_add_body_class":"","ocean_shortcode_before_top_bar":"","ocean_shortcode_after_top_bar":"","ocean_shortcode_before_header":"","ocean_shortcode_after_header":"","ocean_has_shortcode":"","ocean_shortcode_after_title":"","ocean_shortcode_before_footer_widgets":"","ocean_shortcode_after_footer_widgets":"","ocean_shortcode_before_footer_bottom":"","ocean_shortcode_after_footer_bottom":"","ocean_display_top_bar":"default","ocean_display_header":"default","ocean_header_style":"","ocean_center_header_left_menu":"","ocean_custom_header_template":"","ocean_custom_logo":0,"ocean_custom_retina_logo":0,"ocean_custom_logo_max_width":0,"ocean_custom_logo_tablet_max_width":0,"ocean_custom_logo_mobile_max_width":0,"ocean_custom_logo_max_height":0,"ocean_custom_logo_tablet_max_height":0,"ocean_custom_logo_mobile_max_height":0,"ocean_header_custom_menu":"","ocean_menu_typo_font_family":"","ocean_menu_typo_font_subset":"","ocean_menu_typo_font_size":0,"ocean_menu_typo_font_size_tablet":0,"ocean_menu_typo_font_size_mobile":0,"ocean_menu_typo_font_size_unit":"px","ocean_menu_typo_font_weight":"","ocean_menu_typo_font_weight_tablet":"","ocean_menu_typo_font_weight_mobile":"","ocean_menu_typo_transform":"","ocean_menu_typo_transform_tablet":"","ocean_menu_typo_transform_mobile":"","ocean_menu_typo_line_height":0,"ocean_menu_typo_line_height_tablet":0,"ocean_menu_typo_line_height_mobile":0,"ocean_menu_typo_line_height_unit":"","ocean_menu_typo_spacing":0,"ocean_menu_typo_spacing_tablet":0,"ocean_menu_typo_spacing_mobile":0,"ocean_menu_typo_spacing_unit":"","ocean_menu_link_color":"","ocean_menu_link_color_hover":"","ocean_menu_link_color_active":"","ocean_menu_link_background":"","ocean_menu_link_hover_background":"","ocean_menu_link_active_background":"","ocean_menu_social_links_bg":"","ocean_menu_social_hover_links_bg":"","ocean_menu_social_links_color":"","ocean_menu_social_hover_links_color":"","ocean_disable_title":"default","ocean_disable_heading":"default","ocean_post_title":"","ocean_post_subheading":"","ocean_post_title_style":"","ocean_post_title_background_color":"","ocean_post_title_background":0,"ocean_post_title_bg_image_position":"","ocean_post_title_bg_image_attachment":"","ocean_post_title_bg_image_repeat":"","ocean_post_title_bg_image_size":"","ocean_post_title_height":0,"ocean_post_title_bg_overlay":0.5,"ocean_post_title_bg_overlay_color":"","ocean_disable_breadcrumbs":"default","ocean_breadcrumbs_color":"","ocean_breadcrumbs_separator_color":"","ocean_breadcrumbs_links_color":"","ocean_breadcrumbs_links_hover_color":"","ocean_display_footer_widgets":"default","ocean_display_footer_bottom":"default","ocean_custom_footer_template":"","footnotes":""},"class_list":["post-896","page","type-page","status-publish","hentry","entry","owp-thumbs-layout-horizontal","owp-btn-normal","owp-tabs-layout-horizontal","has-no-thumbnails"],"yoast_head":"<!-- This site is optimized with the Yoast SEO plugin v27.5 - https:\/\/yoast.com\/product\/yoast-seo-wordpress\/ -->\n<title>Pol\u00edtica de venta, t\u00e9rminos y condiciones legales - Dasca Vives - Agricultura ecol\u00f2gica<\/title>\n<meta name=\"robots\" content=\"index, follow, max-snippet:-1, max-image-preview:large, max-video-preview:-1\" \/>\n<link rel=\"canonical\" href=\"https:\/\/www.dascavives.com\/es\/reembolsamientos_devoluciones\/\" \/>\n<meta property=\"og:locale\" content=\"es_ES\" \/>\n<meta property=\"og:type\" content=\"article\" \/>\n<meta property=\"og:title\" content=\"Pol\u00edtica de venta, t\u00e9rminos y condiciones legales - Dasca Vives - Agricultura ecol\u00f2gica\" \/>\n<meta property=\"og:description\" content=\"Los datos de car\u00e1cter personal que nos facilite mediante la compra quedar\u00e1n registrados en un archivo de Josep Dasca Batalla, con la finalidad de atender su solicitud. La legitimaci\u00f3n se realiza a trav\u00e9s del consentimiento del interesado. Si no se acepta, no podremos atender su solicitud de forma adecuada. Puedes consultar nuestra pol\u00edtica de privacidad. [&hellip;]\" \/>\n<meta property=\"og:url\" content=\"https:\/\/www.dascavives.com\/es\/reembolsamientos_devoluciones\/\" \/>\n<meta property=\"og:site_name\" content=\"Dasca Vives - Agricultura ecol\u00f2gica\" \/>\n<meta property=\"article:modified_time\" content=\"2025-04-17T08:31:34+00:00\" \/>\n<meta name=\"twitter:card\" content=\"summary_large_image\" \/>\n<meta name=\"twitter:label1\" content=\"Tiempo de lectura\" \/>\n\t<meta name=\"twitter:data1\" content=\"1 minuto\" \/>\n<script type=\"application\/ld+json\" class=\"yoast-schema-graph\">{\"@context\":\"https:\\\/\\\/schema.org\",\"@graph\":[{\"@type\":\"WebPage\",\"@id\":\"https:\\\/\\\/www.dascavives.com\\\/es\\\/reembolsamientos_devoluciones\\\/\",\"url\":\"https:\\\/\\\/www.dascavives.com\\\/es\\\/reembolsamientos_devoluciones\\\/\",\"name\":\"Pol\u00edtica de venta, t\u00e9rminos y condiciones legales - Dasca Vives - Agricultura ecol\u00f2gica\",\"isPartOf\":{\"@id\":\"https:\\\/\\\/www.dascavives.com\\\/es\\\/#website\"},\"datePublished\":\"2025-04-16T14:19:10+00:00\",\"dateModified\":\"2025-04-17T08:31:34+00:00\",\"breadcrumb\":{\"@id\":\"https:\\\/\\\/www.dascavives.com\\\/es\\\/reembolsamientos_devoluciones\\\/#breadcrumb\"},\"inLanguage\":\"es\",\"potentialAction\":[{\"@type\":\"ReadAction\",\"target\":[\"https:\\\/\\\/www.dascavives.com\\\/es\\\/reembolsamientos_devoluciones\\\/\"]}]},{\"@type\":\"BreadcrumbList\",\"@id\":\"https:\\\/\\\/www.dascavives.com\\\/es\\\/reembolsamientos_devoluciones\\\/#breadcrumb\",\"itemListElement\":[{\"@type\":\"ListItem\",\"position\":1,\"name\":\"Inici\",\"item\":\"https:\\\/\\\/www.dascavives.com\\\/es\\\/\"},{\"@type\":\"ListItem\",\"position\":2,\"name\":\"Pol\u00edtica de venta, t\u00e9rminos y condiciones legales\"}]},{\"@type\":\"WebSite\",\"@id\":\"https:\\\/\\\/www.dascavives.com\\\/es\\\/#website\",\"url\":\"https:\\\/\\\/www.dascavives.com\\\/es\\\/\",\"name\":\"Dasca Vives - Agricultura ecol\u00f2gica\",\"description\":\"Celler Dasca Vives. Agricultura ecol\u00f2gica.\",\"publisher\":{\"@id\":\"https:\\\/\\\/www.dascavives.com\\\/es\\\/#organization\"},\"potentialAction\":[{\"@type\":\"SearchAction\",\"target\":{\"@type\":\"EntryPoint\",\"urlTemplate\":\"https:\\\/\\\/www.dascavives.com\\\/es\\\/?s={search_term_string}\"},\"query-input\":{\"@type\":\"PropertyValueSpecification\",\"valueRequired\":true,\"valueName\":\"search_term_string\"}}],\"inLanguage\":\"es\"},{\"@type\":\"Organization\",\"@id\":\"https:\\\/\\\/www.dascavives.com\\\/es\\\/#organization\",\"name\":\"Dasca Vives - Agricultura ecol\u00f2gica\",\"url\":\"https:\\\/\\\/www.dascavives.com\\\/es\\\/\",\"logo\":{\"@type\":\"ImageObject\",\"inLanguage\":\"es\",\"@id\":\"https:\\\/\\\/www.dascavives.com\\\/es\\\/#\\\/schema\\\/logo\\\/image\\\/\",\"url\":\"https:\\\/\\\/www.dascavives.com\\\/wp-content\\\/uploads\\\/2025\\\/04\\\/dasca-vives-logo-web.png\",\"contentUrl\":\"https:\\\/\\\/www.dascavives.com\\\/wp-content\\\/uploads\\\/2025\\\/04\\\/dasca-vives-logo-web.png\",\"width\":300,\"height\":91,\"caption\":\"Dasca Vives - Agricultura ecol\u00f2gica\"},\"image\":{\"@id\":\"https:\\\/\\\/www.dascavives.com\\\/es\\\/#\\\/schema\\\/logo\\\/image\\\/\"},\"sameAs\":[\"https:\\\/\\\/www.instagram.com\\\/dascavives\\\/\"]}]}<\/script>\n<!-- \/ Yoast SEO plugin. -->","yoast_head_json":{"title":"Pol\u00edtica de venta, t\u00e9rminos y condiciones legales - Dasca Vives - Agricultura ecol\u00f2gica","robots":{"index":"index","follow":"follow","max-snippet":"max-snippet:-1","max-image-preview":"max-image-preview:large","max-video-preview":"max-video-preview:-1"},"canonical":"https:\/\/www.dascavives.com\/es\/reembolsamientos_devoluciones\/","og_locale":"es_ES","og_type":"article","og_title":"Pol\u00edtica de venta, t\u00e9rminos y condiciones legales - Dasca Vives - Agricultura ecol\u00f2gica","og_description":"Los datos de car\u00e1cter personal que nos facilite mediante la compra quedar\u00e1n registrados en un archivo de Josep Dasca Batalla, con la finalidad de atender su solicitud. La legitimaci\u00f3n se realiza a trav\u00e9s del consentimiento del interesado. Si no se acepta, no podremos atender su solicitud de forma adecuada. Puedes consultar nuestra pol\u00edtica de privacidad. [&hellip;]","og_url":"https:\/\/www.dascavives.com\/es\/reembolsamientos_devoluciones\/","og_site_name":"Dasca Vives - Agricultura ecol\u00f2gica","article_modified_time":"2025-04-17T08:31:34+00:00","twitter_card":"summary_large_image","twitter_misc":{"Tiempo de lectura":"1 minuto"},"schema":{"@context":"https:\/\/schema.org","@graph":[{"@type":"WebPage","@id":"https:\/\/www.dascavives.com\/es\/reembolsamientos_devoluciones\/","url":"https:\/\/www.dascavives.com\/es\/reembolsamientos_devoluciones\/","name":"Pol\u00edtica de venta, t\u00e9rminos y condiciones legales - Dasca Vives - Agricultura ecol\u00f2gica","isPartOf":{"@id":"https:\/\/www.dascavives.com\/es\/#website"},"datePublished":"2025-04-16T14:19:10+00:00","dateModified":"2025-04-17T08:31:34+00:00","breadcrumb":{"@id":"https:\/\/www.dascavives.com\/es\/reembolsamientos_devoluciones\/#breadcrumb"},"inLanguage":"es","potentialAction":[{"@type":"ReadAction","target":["https:\/\/www.dascavives.com\/es\/reembolsamientos_devoluciones\/"]}]},{"@type":"BreadcrumbList","@id":"https:\/\/www.dascavives.com\/es\/reembolsamientos_devoluciones\/#breadcrumb","itemListElement":[{"@type":"ListItem","position":1,"name":"Inici","item":"https:\/\/www.dascavives.com\/es\/"},{"@type":"ListItem","position":2,"name":"Pol\u00edtica de venta, t\u00e9rminos y condiciones legales"}]},{"@type":"WebSite","@id":"https:\/\/www.dascavives.com\/es\/#website","url":"https:\/\/www.dascavives.com\/es\/","name":"Dasca Vives - Agricultura ecol\u00f2gica","description":"Celler Dasca Vives. Agricultura ecol\u00f2gica.","publisher":{"@id":"https:\/\/www.dascavives.com\/es\/#organization"},"potentialAction":[{"@type":"SearchAction","target":{"@type":"EntryPoint","urlTemplate":"https:\/\/www.dascavives.com\/es\/?s={search_term_string}"},"query-input":{"@type":"PropertyValueSpecification","valueRequired":true,"valueName":"search_term_string"}}],"inLanguage":"es"},{"@type":"Organization","@id":"https:\/\/www.dascavives.com\/es\/#organization","name":"Dasca Vives - Agricultura ecol\u00f2gica","url":"https:\/\/www.dascavives.com\/es\/","logo":{"@type":"ImageObject","inLanguage":"es","@id":"https:\/\/www.dascavives.com\/es\/#\/schema\/logo\/image\/","url":"https:\/\/www.dascavives.com\/wp-content\/uploads\/2025\/04\/dasca-vives-logo-web.png","contentUrl":"https:\/\/www.dascavives.com\/wp-content\/uploads\/2025\/04\/dasca-vives-logo-web.png","width":300,"height":91,"caption":"Dasca Vives - Agricultura ecol\u00f2gica"},"image":{"@id":"https:\/\/www.dascavives.com\/es\/#\/schema\/logo\/image\/"},"sameAs":["https:\/\/www.instagram.com\/dascavives\/"]}]}},"_links":{"self":[{"href":"https:\/\/www.dascavives.com\/es\/wp-json\/wp\/v2\/pages\/896","targetHints":{"allow":["GET"]}}],"collection":[{"href":"https:\/\/www.dascavives.com\/es\/wp-json\/wp\/v2\/pages"}],"about":[{"href":"https:\/\/www.dascavives.com\/es\/wp-json\/wp\/v2\/types\/page"}],"author":[{"embeddable":true,"href":"https:\/\/www.dascavives.com\/es\/wp-json\/wp\/v2\/users\/1"}],"replies":[{"embeddable":true,"href":"https:\/\/www.dascavives.com\/es\/wp-json\/wp\/v2\/comments?post=896"}],"version-history":[{"count":0,"href":"https:\/\/www.dascavives.com\/es\/wp-json\/wp\/v2\/pages\/896\/revisions"}],"wp:attachment":[{"href":"https:\/\/www.dascavives.com\/es\/wp-json\/wp\/v2\/media?parent=896"}],"curies":[{"name":"wp","href":"https:\/\/api.w.org\/{rel}","templated":true}]}}