{"id":887,"date":"2025-02-06T18:03:11","date_gmt":"2025-02-06T16:03:11","guid":{"rendered":"https:\/\/www.dascavives.com\/quien-somos\/"},"modified":"2025-04-17T11:03:39","modified_gmt":"2025-04-17T09:03:39","slug":"familia","status":"publish","type":"page","link":"https:\/\/www.dascavives.com\/es\/familia\/","title":{"rendered":"Familia"},"content":{"rendered":"\t\t<div data-elementor-type=\"wp-post\" data-elementor-id=\"887\" class=\"elementor elementor-887 elementor-30\">\n\t\t\t\t<div class=\"elementor-element elementor-element-e4a0197 e-flex e-con-boxed e-con e-parent\" data-id=\"e4a0197\" data-element_type=\"container\" data-e-type=\"container\">\n\t\t\t\t\t<div class=\"e-con-inner\">\n\t\t<div class=\"elementor-element elementor-element-36f9ca9 e-con-full e-flex e-con e-child\" data-id=\"36f9ca9\" data-element_type=\"container\" data-e-type=\"container\">\n\t\t\t\t<div class=\"elementor-element elementor-element-ad5552f elementor-widget elementor-widget-image\" data-id=\"ad5552f\" data-element_type=\"widget\" data-e-type=\"widget\" data-widget_type=\"image.default\">\n\t\t\t\t<div class=\"elementor-widget-container\">\n\t\t\t\t\t\t\t\t\t\t\t\t\t\t\t<img fetchpriority=\"high\" decoding=\"async\" width=\"2560\" height=\"1920\" src=\"https:\/\/www.dascavives.com\/wp-content\/uploads\/2025\/04\/Familia-Dasca-Vives_petita-scaled.jpeg\" class=\"attachment-full size-full wp-image-647\" alt=\"Familia Dasca Vives\" srcset=\"https:\/\/www.dascavives.com\/wp-content\/uploads\/2025\/04\/Familia-Dasca-Vives_petita-scaled.jpeg 2560w, https:\/\/www.dascavives.com\/wp-content\/uploads\/2025\/04\/Familia-Dasca-Vives_petita-300x225.jpeg 300w, https:\/\/www.dascavives.com\/wp-content\/uploads\/2025\/04\/Familia-Dasca-Vives_petita-scaled-600x450.jpeg 600w, https:\/\/www.dascavives.com\/wp-content\/uploads\/2025\/04\/Familia-Dasca-Vives_petita-1024x768.jpeg 1024w, https:\/\/www.dascavives.com\/wp-content\/uploads\/2025\/04\/Familia-Dasca-Vives_petita-768x576.jpeg 768w, https:\/\/www.dascavives.com\/wp-content\/uploads\/2025\/04\/Familia-Dasca-Vives_petita-1536x1152.jpeg 1536w, https:\/\/www.dascavives.com\/wp-content\/uploads\/2025\/04\/Familia-Dasca-Vives_petita-2048x1536.jpeg 2048w\" sizes=\"(max-width: 2560px) 100vw, 2560px\" \/>\t\t\t\t\t\t\t\t\t\t\t\t\t\t\t<\/div>\n\t\t\t\t<\/div>\n\t\t\t\t<\/div>\n\t\t<div class=\"elementor-element elementor-element-117ddd1 e-con-full e-flex e-con e-child\" data-id=\"117ddd1\" data-element_type=\"container\" data-e-type=\"container\">\n\t\t\t\t<div class=\"elementor-element elementor-element-b960f40 elementor-widget elementor-widget-heading\" data-id=\"b960f40\" data-element_type=\"widget\" data-e-type=\"widget\" data-widget_type=\"heading.default\">\n\t\t\t\t<div class=\"elementor-widget-container\">\n\t\t\t\t\t<h1 class=\"elementor-heading-title elementor-size-default\">PROYECTO FAMILIAR DE CAMPESINADO BIODIN\u00c1MICO<\/h1>\t\t\t\t<\/div>\n\t\t\t\t<\/div>\n\t\t\t\t<div class=\"elementor-element elementor-element-3063013 elementor-widget-divider--view-line elementor-widget elementor-widget-divider\" data-id=\"3063013\" data-element_type=\"widget\" data-e-type=\"widget\" data-widget_type=\"divider.default\">\n\t\t\t\t<div class=\"elementor-widget-container\">\n\t\t\t\t\t\t\t<div class=\"elementor-divider\">\n\t\t\t<span class=\"elementor-divider-separator\">\n\t\t\t\t\t\t<\/span>\n\t\t<\/div>\n\t\t\t\t\t\t<\/div>\n\t\t\t\t<\/div>\n\t\t\t\t<div class=\"elementor-element elementor-element-4b55258 elementor-widget elementor-widget-text-editor\" data-id=\"4b55258\" data-element_type=\"widget\" data-e-type=\"widget\" data-widget_type=\"text-editor.default\">\n\t\t\t\t<div class=\"elementor-widget-container\">\n\t\t\t\t\t\t\t\t\t<p><strong>Dasca Vives<\/strong> somos una familia, una tradici\u00f3n y una manera de entender la vida. Nuestro proyecto no es s\u00f3lo agr\u00edcola: es nuestro hogar, nuestro legado y una pasi\u00f3n transmitida de generaci\u00f3n en generaci\u00f3n. Ponemos a las personas y la naturaleza en el centro, cuidando cada detalle para ofrecer productos con alma.<\/p><p><strong>Dasca Vives<\/strong> elaboramos y ofrecemos vinos y productos de agricultura biodin\u00e1mica trabajados de manera artesanal con el objetivo de que reflejen toda la esencia de nuestra manera de vivir, de nuestro respeto por la tierra y del concepto de campesinado familiar.<\/p><p>Queremos consolidarnos como un referente en el cultivo y la elaboraci\u00f3n de productos ecol\u00f3gicos y biodin\u00e1micos, estableciendo una conexi\u00f3n emocional con el consumidor basada en el respeto, la calidad, la artesan\u00eda y la autenticidad, y poniendo en valor la artesan\u00eda, la agricultura biodin\u00e1mica y regenerativa, el respeto por la tierra y su fertilidad, la fertilidad, campesinado consciente y sostenible.<\/p>\t\t\t\t\t\t\t\t<\/div>\n\t\t\t\t<\/div>\n\t\t\t\t<\/div>\n\t\t\t\t\t<\/div>\n\t\t\t\t<\/div>\n\t\t<div class=\"elementor-element elementor-element-3a64e77 e-flex e-con-boxed e-con e-parent\" data-id=\"3a64e77\" data-element_type=\"container\" data-e-type=\"container\">\n\t\t\t\t\t<div class=\"e-con-inner\">\n\t\t<div class=\"elementor-element elementor-element-59ebe58 e-con-full e-flex e-con e-child\" data-id=\"59ebe58\" data-element_type=\"container\" data-e-type=\"container\">\n\t\t\t\t<div class=\"elementor-element elementor-element-36b074d elementor-widget elementor-widget-image-gallery\" data-id=\"36b074d\" data-element_type=\"widget\" data-e-type=\"widget\" data-widget_type=\"image-gallery.default\">\n\t\t\t\t<div class=\"elementor-widget-container\">\n\t\t\t\t\t\t\t<div class=\"elementor-image-gallery\">\n\t\t\t<div id='gallery-1' class='gallery galleryid-887 gallery-columns-5 gallery-size-ocean-thumb-m'><figure class='gallery-item'>\n\t\t\t<div class='gallery-icon landscape'>\n\t\t\t\t<a data-elementor-open-lightbox=\"yes\" data-elementor-lightbox-slideshow=\"36b074d\" data-elementor-lightbox-title=\"Familia Dasca Vives\" data-e-action-hash=\"#elementor-action%3Aaction%3Dlightbox%26settings%3DeyJpZCI6NjU3LCJ1cmwiOiJodHRwczpcL1wvd3d3LmRhc2Nhdml2ZXMuY29tXC93cC1jb250ZW50XC91cGxvYWRzXC8yMDI1XC8wNFwvMTdfMDAxMV8yNDA4MjItMDI0OC5qcGciLCJzbGlkZXNob3ciOiIzNmIwNzRkIn0%3D\" href='https:\/\/www.dascavives.com\/wp-content\/uploads\/2025\/04\/17_0011_240822-0248.jpg'><img decoding=\"async\" width=\"600\" height=\"600\" src=\"https:\/\/www.dascavives.com\/wp-content\/uploads\/2025\/04\/17_0011_240822-0248-600x600.jpg\" class=\"attachment-ocean-thumb-m size-ocean-thumb-m\" alt=\"Familia Dasca Vives\" srcset=\"https:\/\/www.dascavives.com\/wp-content\/uploads\/2025\/04\/17_0011_240822-0248-600x600.jpg 600w, https:\/\/www.dascavives.com\/wp-content\/uploads\/2025\/04\/17_0011_240822-0248-100x100.jpg 100w, https:\/\/www.dascavives.com\/wp-content\/uploads\/2025\/04\/17_0011_240822-0248-150x150.jpg 150w\" sizes=\"(max-width: 600px) 100vw, 600px\" \/><\/a>\n\t\t\t<\/div><\/figure><figure class='gallery-item'>\n\t\t\t<div class='gallery-icon landscape'>\n\t\t\t\t<a data-elementor-open-lightbox=\"yes\" data-elementor-lightbox-slideshow=\"36b074d\" data-elementor-lightbox-title=\"Familia Dasca Vives\" data-e-action-hash=\"#elementor-action%3Aaction%3Dlightbox%26settings%3DeyJpZCI6NjQ5LCJ1cmwiOiJodHRwczpcL1wvd3d3LmRhc2Nhdml2ZXMuY29tXC93cC1jb250ZW50XC91cGxvYWRzXC8yMDI1XC8wNFwvMTdfMDAwMF9hbGJhLTk4MjYuanBnIiwic2xpZGVzaG93IjoiMzZiMDc0ZCJ9\" href='https:\/\/www.dascavives.com\/wp-content\/uploads\/2025\/04\/17_0000_alba-9826.jpg'><img decoding=\"async\" width=\"600\" height=\"600\" src=\"https:\/\/www.dascavives.com\/wp-content\/uploads\/2025\/04\/17_0000_alba-9826-600x600.jpg\" class=\"attachment-ocean-thumb-m size-ocean-thumb-m\" alt=\"Familia Dasca Vives\" srcset=\"https:\/\/www.dascavives.com\/wp-content\/uploads\/2025\/04\/17_0000_alba-9826-600x600.jpg 600w, https:\/\/www.dascavives.com\/wp-content\/uploads\/2025\/04\/17_0000_alba-9826-100x100.jpg 100w, https:\/\/www.dascavives.com\/wp-content\/uploads\/2025\/04\/17_0000_alba-9826-150x150.jpg 150w\" sizes=\"(max-width: 600px) 100vw, 600px\" \/><\/a>\n\t\t\t<\/div><\/figure><figure class='gallery-item'>\n\t\t\t<div class='gallery-icon landscape'>\n\t\t\t\t<a data-elementor-open-lightbox=\"yes\" data-elementor-lightbox-slideshow=\"36b074d\" data-elementor-lightbox-title=\"Agricultura biodin\u00e1mica y regenerativa\" data-e-action-hash=\"#elementor-action%3Aaction%3Dlightbox%26settings%3DeyJpZCI6NzA1LCJ1cmwiOiJodHRwczpcL1wvd3d3LmRhc2Nhdml2ZXMuY29tXC93cC1jb250ZW50XC91cGxvYWRzXC8yMDI1XC8wNFwvVHJhY3Rvci1zY2FsZWQuanBnIiwic2xpZGVzaG93IjoiMzZiMDc0ZCJ9\" href='https:\/\/www.dascavives.com\/wp-content\/uploads\/2025\/04\/Tractor-scaled.jpg'><img loading=\"lazy\" decoding=\"async\" width=\"600\" height=\"600\" src=\"https:\/\/www.dascavives.com\/wp-content\/uploads\/2025\/04\/Tractor-600x600.jpg\" class=\"attachment-ocean-thumb-m size-ocean-thumb-m\" alt=\"Agricultura biodin\u00e1mica y regenerativa\" srcset=\"https:\/\/www.dascavives.com\/wp-content\/uploads\/2025\/04\/Tractor-600x600.jpg 600w, https:\/\/www.dascavives.com\/wp-content\/uploads\/2025\/04\/Tractor-150x150.jpg 150w, https:\/\/www.dascavives.com\/wp-content\/uploads\/2025\/04\/Tractor-100x100.jpg 100w\" sizes=\"(max-width: 600px) 100vw, 600px\" \/><\/a>\n\t\t\t<\/div><\/figure><figure class='gallery-item'>\n\t\t\t<div class='gallery-icon landscape'>\n\t\t\t\t<a data-elementor-open-lightbox=\"yes\" data-elementor-lightbox-slideshow=\"36b074d\" data-elementor-lightbox-title=\"Familia Dasca Vives\" data-e-action-hash=\"#elementor-action%3Aaction%3Dlightbox%26settings%3DeyJpZCI6NjUzLCJ1cmwiOiJodHRwczpcL1wvd3d3LmRhc2Nhdml2ZXMuY29tXC93cC1jb250ZW50XC91cGxvYWRzXC8yMDI1XC8wNFwvMTdfMDAwNl9EU0NfMDEwOC5qcGciLCJzbGlkZXNob3ciOiIzNmIwNzRkIn0%3D\" href='https:\/\/www.dascavives.com\/wp-content\/uploads\/2025\/04\/17_0006_DSC_0108.jpg'><img loading=\"lazy\" decoding=\"async\" width=\"600\" height=\"600\" src=\"https:\/\/www.dascavives.com\/wp-content\/uploads\/2025\/04\/17_0006_DSC_0108-600x600.jpg\" class=\"attachment-ocean-thumb-m size-ocean-thumb-m\" alt=\"Familia Dasca Vives\" srcset=\"https:\/\/www.dascavives.com\/wp-content\/uploads\/2025\/04\/17_0006_DSC_0108-600x600.jpg 600w, https:\/\/www.dascavives.com\/wp-content\/uploads\/2025\/04\/17_0006_DSC_0108-100x100.jpg 100w, https:\/\/www.dascavives.com\/wp-content\/uploads\/2025\/04\/17_0006_DSC_0108-150x150.jpg 150w\" sizes=\"(max-width: 600px) 100vw, 600px\" \/><\/a>\n\t\t\t<\/div><\/figure><figure class='gallery-item'>\n\t\t\t<div class='gallery-icon landscape'>\n\t\t\t\t<a data-elementor-open-lightbox=\"yes\" data-elementor-lightbox-slideshow=\"36b074d\" data-elementor-lightbox-title=\"Recolecta de olivas\" data-e-action-hash=\"#elementor-action%3Aaction%3Dlightbox%26settings%3DeyJpZCI6NzA3LCJ1cmwiOiJodHRwczpcL1wvd3d3LmRhc2Nhdml2ZXMuY29tXC93cC1jb250ZW50XC91cGxvYWRzXC8yMDI1XC8wNFwvT2xpdmVyYS1zY2FsZWQtZTE3NDQ3MDgzOTg3MTIuanBnIiwic2xpZGVzaG93IjoiMzZiMDc0ZCJ9\" href='https:\/\/www.dascavives.com\/wp-content\/uploads\/2025\/04\/Olivera-scaled-e1744708398712.jpg'><img loading=\"lazy\" decoding=\"async\" width=\"600\" height=\"600\" src=\"https:\/\/www.dascavives.com\/wp-content\/uploads\/2025\/04\/Olivera-scaled-e1744708398712-600x600.jpg\" class=\"attachment-ocean-thumb-m size-ocean-thumb-m\" alt=\"Recolecta de olivas\" srcset=\"https:\/\/www.dascavives.com\/wp-content\/uploads\/2025\/04\/Olivera-scaled-e1744708398712-600x600.jpg 600w, https:\/\/www.dascavives.com\/wp-content\/uploads\/2025\/04\/Olivera-scaled-e1744708398712-150x150.jpg 150w, https:\/\/www.dascavives.com\/wp-content\/uploads\/2025\/04\/Olivera-scaled-e1744708398712-100x100.jpg 100w\" sizes=\"(max-width: 600px) 100vw, 600px\" \/><\/a>\n\t\t\t<\/div><\/figure>\n\t\t<\/div>\n\t\t<\/div>\n\t\t\t\t\t\t<\/div>\n\t\t\t\t<\/div>\n\t\t\t\t<\/div>\n\t\t\t\t\t<\/div>\n\t\t\t\t<\/div>\n\t\t\t\t<\/div>\n\t\t","protected":false},"excerpt":{"rendered":"<p>PROYECTO FAMILIAR DE CAMPESINADO BIODIN\u00c1MICO Dasca Vives somos una familia, una tradici\u00f3n y una manera de entender la vida. Nuestro proyecto no es s\u00f3lo agr\u00edcola: es nuestro hogar, nuestro legado y una pasi\u00f3n transmitida de generaci\u00f3n en generaci\u00f3n. Ponemos a las personas y la naturaleza en el centro, cuidando cada detalle para ofrecer productos con [&hellip;]<\/p>\n","protected":false},"author":1,"featured_media":0,"parent":0,"menu_order":0,"comment_status":"closed","ping_status":"closed","template":"","meta":{"ocean_post_layout":"full-screen","ocean_both_sidebars_style":"","ocean_both_sidebars_content_width":0,"ocean_both_sidebars_sidebars_width":0,"ocean_sidebar":"","ocean_second_sidebar":"","ocean_disable_margins":"enable","ocean_add_body_class":"","ocean_shortcode_before_top_bar":"","ocean_shortcode_after_top_bar":"","ocean_shortcode_before_header":"","ocean_shortcode_after_header":"","ocean_has_shortcode":"","ocean_shortcode_after_title":"","ocean_shortcode_before_footer_widgets":"","ocean_shortcode_after_footer_widgets":"","ocean_shortcode_before_footer_bottom":"","ocean_shortcode_after_footer_bottom":"","ocean_display_top_bar":"default","ocean_display_header":"default","ocean_header_style":"","ocean_center_header_left_menu":"","ocean_custom_header_template":"","ocean_custom_logo":0,"ocean_custom_retina_logo":0,"ocean_custom_logo_max_width":0,"ocean_custom_logo_tablet_max_width":0,"ocean_custom_logo_mobile_max_width":0,"ocean_custom_logo_max_height":0,"ocean_custom_logo_tablet_max_height":0,"ocean_custom_logo_mobile_max_height":0,"ocean_header_custom_menu":"","ocean_menu_typo_font_family":"","ocean_menu_typo_font_subset":"","ocean_menu_typo_font_size":0,"ocean_menu_typo_font_size_tablet":0,"ocean_menu_typo_font_size_mobile":0,"ocean_menu_typo_font_size_unit":"px","ocean_menu_typo_font_weight":"","ocean_menu_typo_font_weight_tablet":"","ocean_menu_typo_font_weight_mobile":"","ocean_menu_typo_transform":"","ocean_menu_typo_transform_tablet":"","ocean_menu_typo_transform_mobile":"","ocean_menu_typo_line_height":0,"ocean_menu_typo_line_height_tablet":0,"ocean_menu_typo_line_height_mobile":0,"ocean_menu_typo_line_height_unit":"","ocean_menu_typo_spacing":0,"ocean_menu_typo_spacing_tablet":0,"ocean_menu_typo_spacing_mobile":0,"ocean_menu_typo_spacing_unit":"","ocean_menu_link_color":"","ocean_menu_link_color_hover":"","ocean_menu_link_color_active":"","ocean_menu_link_background":"","ocean_menu_link_hover_background":"","ocean_menu_link_active_background":"","ocean_menu_social_links_bg":"","ocean_menu_social_hover_links_bg":"","ocean_menu_social_links_color":"","ocean_menu_social_hover_links_color":"","ocean_disable_title":"default","ocean_disable_heading":"default","ocean_post_title":"","ocean_post_subheading":"","ocean_post_title_style":"","ocean_post_title_background_color":"","ocean_post_title_background":0,"ocean_post_title_bg_image_position":"","ocean_post_title_bg_image_attachment":"","ocean_post_title_bg_image_repeat":"","ocean_post_title_bg_image_size":"","ocean_post_title_height":0,"ocean_post_title_bg_overlay":0.5,"ocean_post_title_bg_overlay_color":"","ocean_disable_breadcrumbs":"default","ocean_breadcrumbs_color":"","ocean_breadcrumbs_separator_color":"","ocean_breadcrumbs_links_color":"","ocean_breadcrumbs_links_hover_color":"","ocean_display_footer_widgets":"default","ocean_display_footer_bottom":"default","ocean_custom_footer_template":"","footnotes":""},"class_list":["post-887","page","type-page","status-publish","hentry","entry","owp-thumbs-layout-horizontal","owp-btn-normal","owp-tabs-layout-horizontal","has-no-thumbnails"],"yoast_head":"<!-- This site is optimized with the Yoast SEO plugin v27.5 - https:\/\/yoast.com\/product\/yoast-seo-wordpress\/ -->\n<title>Familia - Dasca Vives - Agricultura ecol\u00f2gica<\/title>\n<meta name=\"robots\" content=\"index, follow, max-snippet:-1, max-image-preview:large, max-video-preview:-1\" \/>\n<link rel=\"canonical\" href=\"https:\/\/www.dascavives.com\/es\/familia\/\" \/>\n<meta property=\"og:locale\" content=\"es_ES\" \/>\n<meta property=\"og:type\" content=\"article\" \/>\n<meta property=\"og:title\" content=\"Familia - Dasca Vives - Agricultura ecol\u00f2gica\" \/>\n<meta property=\"og:description\" content=\"PROYECTO FAMILIAR DE CAMPESINADO BIODIN\u00c1MICO Dasca Vives somos una familia, una tradici\u00f3n y una manera de entender la vida. Nuestro proyecto no es s\u00f3lo agr\u00edcola: es nuestro hogar, nuestro legado y una pasi\u00f3n transmitida de generaci\u00f3n en generaci\u00f3n. Ponemos a las personas y la naturaleza en el centro, cuidando cada detalle para ofrecer productos con [&hellip;]\" \/>\n<meta property=\"og:url\" content=\"https:\/\/www.dascavives.com\/es\/familia\/\" \/>\n<meta property=\"og:site_name\" content=\"Dasca Vives - Agricultura ecol\u00f2gica\" \/>\n<meta property=\"article:modified_time\" content=\"2025-04-17T09:03:39+00:00\" \/>\n<meta property=\"og:image\" content=\"https:\/\/www.dascavives.com\/wp-content\/uploads\/2025\/04\/Familia-Dasca-Vives_petita-scaled.jpeg\" \/>\n<meta name=\"twitter:card\" content=\"summary_large_image\" \/>\n<meta name=\"twitter:label1\" content=\"Tiempo de lectura\" \/>\n\t<meta name=\"twitter:data1\" content=\"1 minuto\" \/>\n<script type=\"application\/ld+json\" class=\"yoast-schema-graph\">{\"@context\":\"https:\\\/\\\/schema.org\",\"@graph\":[{\"@type\":\"WebPage\",\"@id\":\"https:\\\/\\\/www.dascavives.com\\\/es\\\/familia\\\/\",\"url\":\"https:\\\/\\\/www.dascavives.com\\\/es\\\/familia\\\/\",\"name\":\"Familia - Dasca Vives - Agricultura ecol\u00f2gica\",\"isPartOf\":{\"@id\":\"https:\\\/\\\/www.dascavives.com\\\/es\\\/#website\"},\"primaryImageOfPage\":{\"@id\":\"https:\\\/\\\/www.dascavives.com\\\/es\\\/familia\\\/#primaryimage\"},\"image\":{\"@id\":\"https:\\\/\\\/www.dascavives.com\\\/es\\\/familia\\\/#primaryimage\"},\"thumbnailUrl\":\"https:\\\/\\\/www.dascavives.com\\\/wp-content\\\/uploads\\\/2025\\\/04\\\/Familia-Dasca-Vives_petita-scaled.jpeg\",\"datePublished\":\"2025-02-06T16:03:11+00:00\",\"dateModified\":\"2025-04-17T09:03:39+00:00\",\"breadcrumb\":{\"@id\":\"https:\\\/\\\/www.dascavives.com\\\/es\\\/familia\\\/#breadcrumb\"},\"inLanguage\":\"es\",\"potentialAction\":[{\"@type\":\"ReadAction\",\"target\":[\"https:\\\/\\\/www.dascavives.com\\\/es\\\/familia\\\/\"]}]},{\"@type\":\"ImageObject\",\"inLanguage\":\"es\",\"@id\":\"https:\\\/\\\/www.dascavives.com\\\/es\\\/familia\\\/#primaryimage\",\"url\":\"https:\\\/\\\/www.dascavives.com\\\/wp-content\\\/uploads\\\/2025\\\/04\\\/Familia-Dasca-Vives_petita-scaled.jpeg\",\"contentUrl\":\"https:\\\/\\\/www.dascavives.com\\\/wp-content\\\/uploads\\\/2025\\\/04\\\/Familia-Dasca-Vives_petita-scaled.jpeg\"},{\"@type\":\"BreadcrumbList\",\"@id\":\"https:\\\/\\\/www.dascavives.com\\\/es\\\/familia\\\/#breadcrumb\",\"itemListElement\":[{\"@type\":\"ListItem\",\"position\":1,\"name\":\"Inici\",\"item\":\"https:\\\/\\\/www.dascavives.com\\\/es\\\/\"},{\"@type\":\"ListItem\",\"position\":2,\"name\":\"Familia\"}]},{\"@type\":\"WebSite\",\"@id\":\"https:\\\/\\\/www.dascavives.com\\\/es\\\/#website\",\"url\":\"https:\\\/\\\/www.dascavives.com\\\/es\\\/\",\"name\":\"Dasca Vives - Agricultura ecol\u00f2gica\",\"description\":\"Celler Dasca Vives. Agricultura ecol\u00f2gica.\",\"publisher\":{\"@id\":\"https:\\\/\\\/www.dascavives.com\\\/es\\\/#organization\"},\"potentialAction\":[{\"@type\":\"SearchAction\",\"target\":{\"@type\":\"EntryPoint\",\"urlTemplate\":\"https:\\\/\\\/www.dascavives.com\\\/es\\\/?s={search_term_string}\"},\"query-input\":{\"@type\":\"PropertyValueSpecification\",\"valueRequired\":true,\"valueName\":\"search_term_string\"}}],\"inLanguage\":\"es\"},{\"@type\":\"Organization\",\"@id\":\"https:\\\/\\\/www.dascavives.com\\\/es\\\/#organization\",\"name\":\"Dasca Vives - Agricultura ecol\u00f2gica\",\"url\":\"https:\\\/\\\/www.dascavives.com\\\/es\\\/\",\"logo\":{\"@type\":\"ImageObject\",\"inLanguage\":\"es\",\"@id\":\"https:\\\/\\\/www.dascavives.com\\\/es\\\/#\\\/schema\\\/logo\\\/image\\\/\",\"url\":\"https:\\\/\\\/www.dascavives.com\\\/wp-content\\\/uploads\\\/2025\\\/04\\\/dasca-vives-logo-web.png\",\"contentUrl\":\"https:\\\/\\\/www.dascavives.com\\\/wp-content\\\/uploads\\\/2025\\\/04\\\/dasca-vives-logo-web.png\",\"width\":300,\"height\":91,\"caption\":\"Dasca Vives - Agricultura ecol\u00f2gica\"},\"image\":{\"@id\":\"https:\\\/\\\/www.dascavives.com\\\/es\\\/#\\\/schema\\\/logo\\\/image\\\/\"},\"sameAs\":[\"https:\\\/\\\/www.instagram.com\\\/dascavives\\\/\"]}]}<\/script>\n<!-- \/ Yoast SEO plugin. -->","yoast_head_json":{"title":"Familia - Dasca Vives - Agricultura ecol\u00f2gica","robots":{"index":"index","follow":"follow","max-snippet":"max-snippet:-1","max-image-preview":"max-image-preview:large","max-video-preview":"max-video-preview:-1"},"canonical":"https:\/\/www.dascavives.com\/es\/familia\/","og_locale":"es_ES","og_type":"article","og_title":"Familia - Dasca Vives - Agricultura ecol\u00f2gica","og_description":"PROYECTO FAMILIAR DE CAMPESINADO BIODIN\u00c1MICO Dasca Vives somos una familia, una tradici\u00f3n y una manera de entender la vida. Nuestro proyecto no es s\u00f3lo agr\u00edcola: es nuestro hogar, nuestro legado y una pasi\u00f3n transmitida de generaci\u00f3n en generaci\u00f3n. Ponemos a las personas y la naturaleza en el centro, cuidando cada detalle para ofrecer productos con [&hellip;]","og_url":"https:\/\/www.dascavives.com\/es\/familia\/","og_site_name":"Dasca Vives - Agricultura ecol\u00f2gica","article_modified_time":"2025-04-17T09:03:39+00:00","og_image":[{"url":"https:\/\/www.dascavives.com\/wp-content\/uploads\/2025\/04\/Familia-Dasca-Vives_petita-scaled.jpeg","type":"","width":"","height":""}],"twitter_card":"summary_large_image","twitter_misc":{"Tiempo de lectura":"1 minuto"},"schema":{"@context":"https:\/\/schema.org","@graph":[{"@type":"WebPage","@id":"https:\/\/www.dascavives.com\/es\/familia\/","url":"https:\/\/www.dascavives.com\/es\/familia\/","name":"Familia - Dasca Vives - Agricultura ecol\u00f2gica","isPartOf":{"@id":"https:\/\/www.dascavives.com\/es\/#website"},"primaryImageOfPage":{"@id":"https:\/\/www.dascavives.com\/es\/familia\/#primaryimage"},"image":{"@id":"https:\/\/www.dascavives.com\/es\/familia\/#primaryimage"},"thumbnailUrl":"https:\/\/www.dascavives.com\/wp-content\/uploads\/2025\/04\/Familia-Dasca-Vives_petita-scaled.jpeg","datePublished":"2025-02-06T16:03:11+00:00","dateModified":"2025-04-17T09:03:39+00:00","breadcrumb":{"@id":"https:\/\/www.dascavives.com\/es\/familia\/#breadcrumb"},"inLanguage":"es","potentialAction":[{"@type":"ReadAction","target":["https:\/\/www.dascavives.com\/es\/familia\/"]}]},{"@type":"ImageObject","inLanguage":"es","@id":"https:\/\/www.dascavives.com\/es\/familia\/#primaryimage","url":"https:\/\/www.dascavives.com\/wp-content\/uploads\/2025\/04\/Familia-Dasca-Vives_petita-scaled.jpeg","contentUrl":"https:\/\/www.dascavives.com\/wp-content\/uploads\/2025\/04\/Familia-Dasca-Vives_petita-scaled.jpeg"},{"@type":"BreadcrumbList","@id":"https:\/\/www.dascavives.com\/es\/familia\/#breadcrumb","itemListElement":[{"@type":"ListItem","position":1,"name":"Inici","item":"https:\/\/www.dascavives.com\/es\/"},{"@type":"ListItem","position":2,"name":"Familia"}]},{"@type":"WebSite","@id":"https:\/\/www.dascavives.com\/es\/#website","url":"https:\/\/www.dascavives.com\/es\/","name":"Dasca Vives - Agricultura ecol\u00f2gica","description":"Celler Dasca Vives. Agricultura ecol\u00f2gica.","publisher":{"@id":"https:\/\/www.dascavives.com\/es\/#organization"},"potentialAction":[{"@type":"SearchAction","target":{"@type":"EntryPoint","urlTemplate":"https:\/\/www.dascavives.com\/es\/?s={search_term_string}"},"query-input":{"@type":"PropertyValueSpecification","valueRequired":true,"valueName":"search_term_string"}}],"inLanguage":"es"},{"@type":"Organization","@id":"https:\/\/www.dascavives.com\/es\/#organization","name":"Dasca Vives - Agricultura ecol\u00f2gica","url":"https:\/\/www.dascavives.com\/es\/","logo":{"@type":"ImageObject","inLanguage":"es","@id":"https:\/\/www.dascavives.com\/es\/#\/schema\/logo\/image\/","url":"https:\/\/www.dascavives.com\/wp-content\/uploads\/2025\/04\/dasca-vives-logo-web.png","contentUrl":"https:\/\/www.dascavives.com\/wp-content\/uploads\/2025\/04\/dasca-vives-logo-web.png","width":300,"height":91,"caption":"Dasca Vives - Agricultura ecol\u00f2gica"},"image":{"@id":"https:\/\/www.dascavives.com\/es\/#\/schema\/logo\/image\/"},"sameAs":["https:\/\/www.instagram.com\/dascavives\/"]}]}},"_links":{"self":[{"href":"https:\/\/www.dascavives.com\/es\/wp-json\/wp\/v2\/pages\/887","targetHints":{"allow":["GET"]}}],"collection":[{"href":"https:\/\/www.dascavives.com\/es\/wp-json\/wp\/v2\/pages"}],"about":[{"href":"https:\/\/www.dascavives.com\/es\/wp-json\/wp\/v2\/types\/page"}],"author":[{"embeddable":true,"href":"https:\/\/www.dascavives.com\/es\/wp-json\/wp\/v2\/users\/1"}],"replies":[{"embeddable":true,"href":"https:\/\/www.dascavives.com\/es\/wp-json\/wp\/v2\/comments?post=887"}],"version-history":[{"count":0,"href":"https:\/\/www.dascavives.com\/es\/wp-json\/wp\/v2\/pages\/887\/revisions"}],"wp:attachment":[{"href":"https:\/\/www.dascavives.com\/es\/wp-json\/wp\/v2\/media?parent=887"}],"curies":[{"name":"wp","href":"https:\/\/api.w.org\/{rel}","templated":true}]}}