{"id":810,"date":"2025-02-06T17:26:00","date_gmt":"2025-02-06T15:26:00","guid":{"rendered":"https:\/\/www.dascavives.com\/politica-daccessibilitat\/"},"modified":"2025-04-17T10:14:31","modified_gmt":"2025-04-17T08:14:31","slug":"politica-de-accessibilidad","status":"publish","type":"page","link":"https:\/\/www.dascavives.com\/es\/politica-de-accessibilidad\/","title":{"rendered":"Pol\u00edtica de accessibilidad"},"content":{"rendered":"\n<p>La presente declaraci\u00f3n de accesibilidad se aplica al sitio web <strong><a href=\"http:\/\/www.dascavives.com\">www.dascavives.com<\/a><\/strong>.<\/p>\n\n\n\n<p>Los criterios adoptados para conseguir una mayor accesibilidad de la Web de <strong>CELLER DASCA VIVES<\/strong> se basan en las directrices WCAG\/WAI fijadas por el <strong>World Wide Web Consortium (W3C)<\/strong>, que es la organizaci\u00f3n de car\u00e1cter supranacional que se encarga de la supervisi\u00f3n de las tecnolog\u00edas y la adopci\u00f3n de los est\u00e1ndares de Internet. En este sentido el desarrollo de la Web se ha basado en el cumplimiento de las <strong>Pautas de accesibilidad para el Contenido<\/strong> en la web de la WCAG 2.1 del W3C-WAI en su nivel de exigencia AA.<\/p>\n\n\n\n<p>Algunas de las funcionalidades implementadas en el sitio web <strong><a href=\"http:\/\/www.dascavives.com\">www.dascavives.com<\/a><\/strong>, para permitir una mayor accesibilidad a sus contenidos son:<\/p>\n\n\n\n<ul class=\"wp-block-list\">\n<li>Las caracter\u00edsticas visuales del portal (tipo de letra, color de fuente y fondo, etc.) se definen mediante la hoja de estilos para que el usuario pueda ajustar el texto a sus preferencias.<\/li>\n\n\n\n<li>Los tama\u00f1os de las fuentes se han definido con unidades relativas para que pueda ampliar o disminuir el tama\u00f1o de la fuente desde las opciones del navegador.<\/li>\n\n\n\n<li>Las p\u00e1ginas tienen una estructura clara tanto para el usuario que puede ver todo el contenido, como para el que lee la informaci\u00f3n con un lector de pantalla, usuarios que desactivan la hoja de estilos, etc. Bajo este objetivo, se han definido mediante el c\u00f3digo HTML los encabezados de secci\u00f3n, las listas y todos los elementos que ayudan a la comprensi\u00f3n general del sitio web.<\/li>\n\n\n\n<li>El c\u00f3digo HTML y CSS empleado se ajusta a las gram\u00e1ticas formales para garantizar la correcta visualizaci\u00f3n de los contenidos en distintos navegadores.<\/li>\n<\/ul>\n\n\n\n<p>La presente declaraci\u00f3n fue preparada el 15 de abril. El m\u00e9todo empleado para preparar la declaraci\u00f3n ha sido una auditor\u00eda de accesibilidad llevada a cabo por la empresa VILANIU COMUNICACI\u00d3 el 17 de abril. \u00daltima revisi\u00f3n de la declaraci\u00f3n: 24 de abril. El resultado de la auditor\u00eda ha sido plenamente conforme seg\u00fan los requisitos de las WCAG 2.1 en su nivel AA, lo que refleja el cumplimiento del nivel de accesibilidad exigido por la legislaci\u00f3n vigente. Pueden aportar sugerencias o peticiones sobre accesibilidad web en el formulario de contacto: <strong>www.dascavives.com\/donde-estamos<\/strong>.<\/p>\n\n\n\n<p><\/p>\n","protected":false},"excerpt":{"rendered":"<p>La presente declaraci\u00f3n de accesibilidad se aplica al sitio web www.dascavives.com. Los criterios adoptados para conseguir una mayor accesibilidad de la Web de CELLER DASCA VIVES se basan en las directrices WCAG\/WAI fijadas por el World Wide Web Consortium (W3C), que es la organizaci\u00f3n de car\u00e1cter supranacional que se encarga de la supervisi\u00f3n de las [&hellip;]<\/p>\n","protected":false},"author":1,"featured_media":0,"parent":0,"menu_order":0,"comment_status":"closed","ping_status":"closed","template":"","meta":{"ocean_post_layout":"full-width","ocean_both_sidebars_style":"","ocean_both_sidebars_content_width":0,"ocean_both_sidebars_sidebars_width":0,"ocean_sidebar":"","ocean_second_sidebar":"","ocean_disable_margins":"enable","ocean_add_body_class":"","ocean_shortcode_before_top_bar":"","ocean_shortcode_after_top_bar":"","ocean_shortcode_before_header":"","ocean_shortcode_after_header":"","ocean_has_shortcode":"","ocean_shortcode_after_title":"","ocean_shortcode_before_footer_widgets":"","ocean_shortcode_after_footer_widgets":"","ocean_shortcode_before_footer_bottom":"","ocean_shortcode_after_footer_bottom":"","ocean_display_top_bar":"default","ocean_display_header":"default","ocean_header_style":"","ocean_center_header_left_menu":"","ocean_custom_header_template":"","ocean_custom_logo":0,"ocean_custom_retina_logo":0,"ocean_custom_logo_max_width":0,"ocean_custom_logo_tablet_max_width":0,"ocean_custom_logo_mobile_max_width":0,"ocean_custom_logo_max_height":0,"ocean_custom_logo_tablet_max_height":0,"ocean_custom_logo_mobile_max_height":0,"ocean_header_custom_menu":"","ocean_menu_typo_font_family":"","ocean_menu_typo_font_subset":"","ocean_menu_typo_font_size":0,"ocean_menu_typo_font_size_tablet":0,"ocean_menu_typo_font_size_mobile":0,"ocean_menu_typo_font_size_unit":"px","ocean_menu_typo_font_weight":"","ocean_menu_typo_font_weight_tablet":"","ocean_menu_typo_font_weight_mobile":"","ocean_menu_typo_transform":"","ocean_menu_typo_transform_tablet":"","ocean_menu_typo_transform_mobile":"","ocean_menu_typo_line_height":0,"ocean_menu_typo_line_height_tablet":0,"ocean_menu_typo_line_height_mobile":0,"ocean_menu_typo_line_height_unit":"","ocean_menu_typo_spacing":0,"ocean_menu_typo_spacing_tablet":0,"ocean_menu_typo_spacing_mobile":0,"ocean_menu_typo_spacing_unit":"","ocean_menu_link_color":"","ocean_menu_link_color_hover":"","ocean_menu_link_color_active":"","ocean_menu_link_background":"","ocean_menu_link_hover_background":"","ocean_menu_link_active_background":"","ocean_menu_social_links_bg":"","ocean_menu_social_hover_links_bg":"","ocean_menu_social_links_color":"","ocean_menu_social_hover_links_color":"","ocean_disable_title":"enable","ocean_disable_heading":"enable","ocean_post_title":"","ocean_post_subheading":"","ocean_post_title_style":"","ocean_post_title_background_color":"","ocean_post_title_background":0,"ocean_post_title_bg_image_position":"","ocean_post_title_bg_image_attachment":"","ocean_post_title_bg_image_repeat":"","ocean_post_title_bg_image_size":"","ocean_post_title_height":0,"ocean_post_title_bg_overlay":0.5,"ocean_post_title_bg_overlay_color":"","ocean_disable_breadcrumbs":"default","ocean_breadcrumbs_color":"","ocean_breadcrumbs_separator_color":"","ocean_breadcrumbs_links_color":"","ocean_breadcrumbs_links_hover_color":"","ocean_display_footer_widgets":"default","ocean_display_footer_bottom":"default","ocean_custom_footer_template":"","footnotes":""},"class_list":["post-810","page","type-page","status-publish","hentry","entry","owp-thumbs-layout-horizontal","owp-btn-normal","owp-tabs-layout-horizontal","has-no-thumbnails"],"yoast_head":"<!-- This site is optimized with the Yoast SEO plugin v27.5 - https:\/\/yoast.com\/product\/yoast-seo-wordpress\/ -->\n<title>Pol\u00edtica de accessibilidad - Dasca Vives - Agricultura ecol\u00f2gica<\/title>\n<meta name=\"robots\" content=\"index, follow, max-snippet:-1, max-image-preview:large, max-video-preview:-1\" \/>\n<link rel=\"canonical\" href=\"https:\/\/www.dascavives.com\/es\/politica-de-accessibilidad\/\" \/>\n<meta property=\"og:locale\" content=\"es_ES\" \/>\n<meta property=\"og:type\" content=\"article\" \/>\n<meta property=\"og:title\" content=\"Pol\u00edtica de accessibilidad - Dasca Vives - Agricultura ecol\u00f2gica\" \/>\n<meta property=\"og:description\" content=\"La presente declaraci\u00f3n de accesibilidad se aplica al sitio web www.dascavives.com. Los criterios adoptados para conseguir una mayor accesibilidad de la Web de CELLER DASCA VIVES se basan en las directrices WCAG\/WAI fijadas por el World Wide Web Consortium (W3C), que es la organizaci\u00f3n de car\u00e1cter supranacional que se encarga de la supervisi\u00f3n de las [&hellip;]\" \/>\n<meta property=\"og:url\" content=\"https:\/\/www.dascavives.com\/es\/politica-de-accessibilidad\/\" \/>\n<meta property=\"og:site_name\" content=\"Dasca Vives - Agricultura ecol\u00f2gica\" \/>\n<meta property=\"article:modified_time\" content=\"2025-04-17T08:14:31+00:00\" \/>\n<meta name=\"twitter:card\" content=\"summary_large_image\" \/>\n<meta name=\"twitter:label1\" content=\"Tiempo de lectura\" \/>\n\t<meta name=\"twitter:data1\" content=\"2 minutos\" \/>\n<script type=\"application\/ld+json\" class=\"yoast-schema-graph\">{\"@context\":\"https:\\\/\\\/schema.org\",\"@graph\":[{\"@type\":\"WebPage\",\"@id\":\"https:\\\/\\\/www.dascavives.com\\\/es\\\/politica-de-accessibilidad\\\/\",\"url\":\"https:\\\/\\\/www.dascavives.com\\\/es\\\/politica-de-accessibilidad\\\/\",\"name\":\"Pol\u00edtica de accessibilidad - Dasca Vives - Agricultura ecol\u00f2gica\",\"isPartOf\":{\"@id\":\"https:\\\/\\\/www.dascavives.com\\\/es\\\/#website\"},\"datePublished\":\"2025-02-06T15:26:00+00:00\",\"dateModified\":\"2025-04-17T08:14:31+00:00\",\"breadcrumb\":{\"@id\":\"https:\\\/\\\/www.dascavives.com\\\/es\\\/politica-de-accessibilidad\\\/#breadcrumb\"},\"inLanguage\":\"es\",\"potentialAction\":[{\"@type\":\"ReadAction\",\"target\":[\"https:\\\/\\\/www.dascavives.com\\\/es\\\/politica-de-accessibilidad\\\/\"]}]},{\"@type\":\"BreadcrumbList\",\"@id\":\"https:\\\/\\\/www.dascavives.com\\\/es\\\/politica-de-accessibilidad\\\/#breadcrumb\",\"itemListElement\":[{\"@type\":\"ListItem\",\"position\":1,\"name\":\"Inici\",\"item\":\"https:\\\/\\\/www.dascavives.com\\\/es\\\/\"},{\"@type\":\"ListItem\",\"position\":2,\"name\":\"Pol\u00edtica de accessibilidad\"}]},{\"@type\":\"WebSite\",\"@id\":\"https:\\\/\\\/www.dascavives.com\\\/es\\\/#website\",\"url\":\"https:\\\/\\\/www.dascavives.com\\\/es\\\/\",\"name\":\"Dasca Vives - Agricultura ecol\u00f2gica\",\"description\":\"Celler Dasca Vives. Agricultura ecol\u00f2gica.\",\"publisher\":{\"@id\":\"https:\\\/\\\/www.dascavives.com\\\/es\\\/#organization\"},\"potentialAction\":[{\"@type\":\"SearchAction\",\"target\":{\"@type\":\"EntryPoint\",\"urlTemplate\":\"https:\\\/\\\/www.dascavives.com\\\/es\\\/?s={search_term_string}\"},\"query-input\":{\"@type\":\"PropertyValueSpecification\",\"valueRequired\":true,\"valueName\":\"search_term_string\"}}],\"inLanguage\":\"es\"},{\"@type\":\"Organization\",\"@id\":\"https:\\\/\\\/www.dascavives.com\\\/es\\\/#organization\",\"name\":\"Dasca Vives - Agricultura ecol\u00f2gica\",\"url\":\"https:\\\/\\\/www.dascavives.com\\\/es\\\/\",\"logo\":{\"@type\":\"ImageObject\",\"inLanguage\":\"es\",\"@id\":\"https:\\\/\\\/www.dascavives.com\\\/es\\\/#\\\/schema\\\/logo\\\/image\\\/\",\"url\":\"https:\\\/\\\/www.dascavives.com\\\/wp-content\\\/uploads\\\/2025\\\/04\\\/dasca-vives-logo-web.png\",\"contentUrl\":\"https:\\\/\\\/www.dascavives.com\\\/wp-content\\\/uploads\\\/2025\\\/04\\\/dasca-vives-logo-web.png\",\"width\":300,\"height\":91,\"caption\":\"Dasca Vives - Agricultura ecol\u00f2gica\"},\"image\":{\"@id\":\"https:\\\/\\\/www.dascavives.com\\\/es\\\/#\\\/schema\\\/logo\\\/image\\\/\"},\"sameAs\":[\"https:\\\/\\\/www.instagram.com\\\/dascavives\\\/\"]}]}<\/script>\n<!-- \/ Yoast SEO plugin. -->","yoast_head_json":{"title":"Pol\u00edtica de accessibilidad - Dasca Vives - Agricultura ecol\u00f2gica","robots":{"index":"index","follow":"follow","max-snippet":"max-snippet:-1","max-image-preview":"max-image-preview:large","max-video-preview":"max-video-preview:-1"},"canonical":"https:\/\/www.dascavives.com\/es\/politica-de-accessibilidad\/","og_locale":"es_ES","og_type":"article","og_title":"Pol\u00edtica de accessibilidad - Dasca Vives - Agricultura ecol\u00f2gica","og_description":"La presente declaraci\u00f3n de accesibilidad se aplica al sitio web www.dascavives.com. Los criterios adoptados para conseguir una mayor accesibilidad de la Web de CELLER DASCA VIVES se basan en las directrices WCAG\/WAI fijadas por el World Wide Web Consortium (W3C), que es la organizaci\u00f3n de car\u00e1cter supranacional que se encarga de la supervisi\u00f3n de las [&hellip;]","og_url":"https:\/\/www.dascavives.com\/es\/politica-de-accessibilidad\/","og_site_name":"Dasca Vives - Agricultura ecol\u00f2gica","article_modified_time":"2025-04-17T08:14:31+00:00","twitter_card":"summary_large_image","twitter_misc":{"Tiempo de lectura":"2 minutos"},"schema":{"@context":"https:\/\/schema.org","@graph":[{"@type":"WebPage","@id":"https:\/\/www.dascavives.com\/es\/politica-de-accessibilidad\/","url":"https:\/\/www.dascavives.com\/es\/politica-de-accessibilidad\/","name":"Pol\u00edtica de accessibilidad - Dasca Vives - Agricultura ecol\u00f2gica","isPartOf":{"@id":"https:\/\/www.dascavives.com\/es\/#website"},"datePublished":"2025-02-06T15:26:00+00:00","dateModified":"2025-04-17T08:14:31+00:00","breadcrumb":{"@id":"https:\/\/www.dascavives.com\/es\/politica-de-accessibilidad\/#breadcrumb"},"inLanguage":"es","potentialAction":[{"@type":"ReadAction","target":["https:\/\/www.dascavives.com\/es\/politica-de-accessibilidad\/"]}]},{"@type":"BreadcrumbList","@id":"https:\/\/www.dascavives.com\/es\/politica-de-accessibilidad\/#breadcrumb","itemListElement":[{"@type":"ListItem","position":1,"name":"Inici","item":"https:\/\/www.dascavives.com\/es\/"},{"@type":"ListItem","position":2,"name":"Pol\u00edtica de accessibilidad"}]},{"@type":"WebSite","@id":"https:\/\/www.dascavives.com\/es\/#website","url":"https:\/\/www.dascavives.com\/es\/","name":"Dasca Vives - Agricultura ecol\u00f2gica","description":"Celler Dasca Vives. Agricultura ecol\u00f2gica.","publisher":{"@id":"https:\/\/www.dascavives.com\/es\/#organization"},"potentialAction":[{"@type":"SearchAction","target":{"@type":"EntryPoint","urlTemplate":"https:\/\/www.dascavives.com\/es\/?s={search_term_string}"},"query-input":{"@type":"PropertyValueSpecification","valueRequired":true,"valueName":"search_term_string"}}],"inLanguage":"es"},{"@type":"Organization","@id":"https:\/\/www.dascavives.com\/es\/#organization","name":"Dasca Vives - Agricultura ecol\u00f2gica","url":"https:\/\/www.dascavives.com\/es\/","logo":{"@type":"ImageObject","inLanguage":"es","@id":"https:\/\/www.dascavives.com\/es\/#\/schema\/logo\/image\/","url":"https:\/\/www.dascavives.com\/wp-content\/uploads\/2025\/04\/dasca-vives-logo-web.png","contentUrl":"https:\/\/www.dascavives.com\/wp-content\/uploads\/2025\/04\/dasca-vives-logo-web.png","width":300,"height":91,"caption":"Dasca Vives - Agricultura ecol\u00f2gica"},"image":{"@id":"https:\/\/www.dascavives.com\/es\/#\/schema\/logo\/image\/"},"sameAs":["https:\/\/www.instagram.com\/dascavives\/"]}]}},"_links":{"self":[{"href":"https:\/\/www.dascavives.com\/es\/wp-json\/wp\/v2\/pages\/810","targetHints":{"allow":["GET"]}}],"collection":[{"href":"https:\/\/www.dascavives.com\/es\/wp-json\/wp\/v2\/pages"}],"about":[{"href":"https:\/\/www.dascavives.com\/es\/wp-json\/wp\/v2\/types\/page"}],"author":[{"embeddable":true,"href":"https:\/\/www.dascavives.com\/es\/wp-json\/wp\/v2\/users\/1"}],"replies":[{"embeddable":true,"href":"https:\/\/www.dascavives.com\/es\/wp-json\/wp\/v2\/comments?post=810"}],"version-history":[{"count":0,"href":"https:\/\/www.dascavives.com\/es\/wp-json\/wp\/v2\/pages\/810\/revisions"}],"wp:attachment":[{"href":"https:\/\/www.dascavives.com\/es\/wp-json\/wp\/v2\/media?parent=810"}],"curies":[{"name":"wp","href":"https:\/\/api.w.org\/{rel}","templated":true}]}}