{"id":808,"date":"2025-02-06T17:25:11","date_gmt":"2025-02-06T15:25:11","guid":{"rendered":"https:\/\/www.dascavives.com\/politica-de-cookies\/"},"modified":"2025-04-17T10:16:35","modified_gmt":"2025-04-17T08:16:35","slug":"politica-de-cookies","status":"publish","type":"page","link":"https:\/\/www.dascavives.com\/es\/politica-de-cookies\/","title":{"rendered":"Pol\u00edtica de Cookies"},"content":{"rendered":"\n<p>En cumplimiento del Real Decreto-Ley 13\/2012, <strong>CELLER DASCA VIVES<\/strong> pide tu permiso para instalar cookies con el fin de obtener datos estad\u00edsticos de tu navegaci\u00f3n en esta p\u00e1gina web. Al continuar utilizando <strong>www.dascavives.com<\/strong> est\u00e1s aceptando la instalaci\u00f3n y el uso de las cookies necesarias.<\/p>\n\n\n\n<h2 class=\"wp-block-heading\">Sobre el uso de las galletas o cookies en este sitio web.<\/h2>\n\n\n\n<p>Una galleta (o cookie en ingl\u00e9s) es un peque\u00f1o fragmento de c\u00f3digo que los sitios web que visitas env\u00edan a tu navegador y este se los devuelve en cada petici\u00f3n. Su funci\u00f3n es diversa, por ejemplo:<\/p>\n\n\n\n<ul class=\"wp-block-list\">\n<li>Hay galletas de preferencias, que sirven por ejemplo para recordar el idioma que has elegido para navegar.<\/li>\n\n\n\n<li>Hay galletas de procesos que memorizan algunos datos cuando accedes a un \u00e1rea privada para tenerlas en cuenta el d\u00eda que vuelvas, como por ejemplo un carrito de la compra en una tienda online.<\/li>\n\n\n\n<li>Hay cookies de seguridad, que sirven para impedir que otra persona haga un uso fraudulento de tus credenciales de acceso.<\/li>\n\n\n\n<li>Tambi\u00e9n hay cookies de publicidad, que registran datos relacionados con tus b\u00fasquedas en Internet para adaptar tus gustos\/intereses mejor a los tipos de anuncios que aparecen en los sitios web visitados.<\/li>\n\n\n\n<li>Finalmente hay cookies de an\u00e1lisis, como las de google analytics, que env\u00edan informaci\u00f3n a los propietarios de la web para entender mejor c\u00f3mo interaccionan los visitantes. Estas cookies recopilan informaci\u00f3n estad\u00edstica sobre el uso del sitio web sin identificar personalmente a los visitantes.<\/li>\n<\/ul>\n\n\n\n<p>En todos los casos las cookies consiguen que los sitios web sean m\u00e1s \u00fatiles para ti y nosotros las consideramos un recurso para hacer que la web sea m\u00e1s efectiva, \u00fatil y pr\u00e1ctica. Siempre respetamos tu intimidad y la de todas las personas que nos visitan, como debe ser.<\/p>\n\n\n\n<p><strong>CELLER DASCA VIVES<\/strong> <strong>no utiliza cookies<\/strong>\u00a0para recoger informaci\u00f3n de las personas usuarias. \u00danicamente, cuando es imprescindible, se utilizan cookies propias, de sesi\u00f3n y con finalidad t\u00e9cnica (aquellas que permiten a la persona usuaria la navegaci\u00f3n a trav\u00e9s del sitio web y la utilizaci\u00f3n de las diferentes opciones y servicios que en ella existen).<\/p>\n\n\n\n<p>En concreto utilitzamos las siguientes cookies t\u00e9cnicas:<\/p>\n\n\n\n<ul class=\"wp-block-list\">\n<li>wp-wpml_current_language: propia, guarda las preferencias del idioma de navegaci\u00f3n.<\/li>\n\n\n\n<li>_GRECAPTCHA: externa, se utiliza para prevenir el env\u00edo de spam a trav\u00e9s del formulario de contacto.<\/li>\n<\/ul>\n\n\n\n<p>Puedes cambiar de opini\u00f3n y eliminar las cookies cuando quieras.<\/p>\n\n\n\n<p>Para consultar y gestionar las cookies instaladas en tu equipo tienes que cambiar la configuraci\u00f3n de tu navegador. Encontrar\u00e1s informaci\u00f3n detallada en los siguientes enlaces:<\/p>\n\n\n\n<ul class=\"wp-block-list\">\n<li>Si navegas con Firefox: <a href=\"http:\/\/support.mozilla.org\/es\/products\/firefox\/privacy-and-security\/cookies\">http:\/\/support.mozilla.org\/es\/products\/firefox\/privacy-and-security\/cookies<\/a><\/li>\n\n\n\n<li>Si navegas con Chrome: <a href=\"https:\/\/support.google.com\/chrome\/answer\/95647\">https:\/\/support.google.com\/chrome\/answer\/95647<\/a><\/li>\n\n\n\n<li>Si navegas con Internet Explorer: <a href=\"http:\/\/windows.microsoft.com\/es-es\/windows7\/how-to-manage-cookies-in-internet-explorer-9\">http:\/\/windows.microsoft.com\/es-es\/windows7\/how-to-manage-cookies-in-internet-explorer-9<\/a><\/li>\n\n\n\n<li>Si navegas con Safari: <a href=\"http:\/\/support.apple.com\/kb\/ph5042\">http:\/\/support.apple.com\/kb\/ph5042<\/a><\/li>\n<\/ul>\n\n\n\n<p>Si necesitas m\u00e1s detalles sobre el uso que hacemos de las cookies escr\u00edbenos a <strong>celler@dascavives.com<\/strong> y te informaremos.<\/p>\n","protected":false},"excerpt":{"rendered":"<p>En cumplimiento del Real Decreto-Ley 13\/2012, CELLER DASCA VIVES pide tu permiso para instalar cookies con el fin de obtener datos estad\u00edsticos de tu navegaci\u00f3n en esta p\u00e1gina web. Al continuar utilizando www.dascavives.com est\u00e1s aceptando la instalaci\u00f3n y el uso de las cookies necesarias. Sobre el uso de las galletas o cookies en este sitio [&hellip;]<\/p>\n","protected":false},"author":1,"featured_media":0,"parent":0,"menu_order":0,"comment_status":"closed","ping_status":"closed","template":"","meta":{"ocean_post_layout":"full-width","ocean_both_sidebars_style":"","ocean_both_sidebars_content_width":0,"ocean_both_sidebars_sidebars_width":0,"ocean_sidebar":"","ocean_second_sidebar":"","ocean_disable_margins":"enable","ocean_add_body_class":"","ocean_shortcode_before_top_bar":"","ocean_shortcode_after_top_bar":"","ocean_shortcode_before_header":"","ocean_shortcode_after_header":"","ocean_has_shortcode":"","ocean_shortcode_after_title":"","ocean_shortcode_before_footer_widgets":"","ocean_shortcode_after_footer_widgets":"","ocean_shortcode_before_footer_bottom":"","ocean_shortcode_after_footer_bottom":"","ocean_display_top_bar":"default","ocean_display_header":"default","ocean_header_style":"","ocean_center_header_left_menu":"","ocean_custom_header_template":"","ocean_custom_logo":0,"ocean_custom_retina_logo":0,"ocean_custom_logo_max_width":0,"ocean_custom_logo_tablet_max_width":0,"ocean_custom_logo_mobile_max_width":0,"ocean_custom_logo_max_height":0,"ocean_custom_logo_tablet_max_height":0,"ocean_custom_logo_mobile_max_height":0,"ocean_header_custom_menu":"","ocean_menu_typo_font_family":"","ocean_menu_typo_font_subset":"","ocean_menu_typo_font_size":0,"ocean_menu_typo_font_size_tablet":0,"ocean_menu_typo_font_size_mobile":0,"ocean_menu_typo_font_size_unit":"px","ocean_menu_typo_font_weight":"","ocean_menu_typo_font_weight_tablet":"","ocean_menu_typo_font_weight_mobile":"","ocean_menu_typo_transform":"","ocean_menu_typo_transform_tablet":"","ocean_menu_typo_transform_mobile":"","ocean_menu_typo_line_height":0,"ocean_menu_typo_line_height_tablet":0,"ocean_menu_typo_line_height_mobile":0,"ocean_menu_typo_line_height_unit":"","ocean_menu_typo_spacing":0,"ocean_menu_typo_spacing_tablet":0,"ocean_menu_typo_spacing_mobile":0,"ocean_menu_typo_spacing_unit":"","ocean_menu_link_color":"","ocean_menu_link_color_hover":"","ocean_menu_link_color_active":"","ocean_menu_link_background":"","ocean_menu_link_hover_background":"","ocean_menu_link_active_background":"","ocean_menu_social_links_bg":"","ocean_menu_social_hover_links_bg":"","ocean_menu_social_links_color":"","ocean_menu_social_hover_links_color":"","ocean_disable_title":"enable","ocean_disable_heading":"enable","ocean_post_title":"","ocean_post_subheading":"","ocean_post_title_style":"","ocean_post_title_background_color":"","ocean_post_title_background":0,"ocean_post_title_bg_image_position":"","ocean_post_title_bg_image_attachment":"","ocean_post_title_bg_image_repeat":"","ocean_post_title_bg_image_size":"","ocean_post_title_height":0,"ocean_post_title_bg_overlay":0.5,"ocean_post_title_bg_overlay_color":"","ocean_disable_breadcrumbs":"default","ocean_breadcrumbs_color":"","ocean_breadcrumbs_separator_color":"","ocean_breadcrumbs_links_color":"","ocean_breadcrumbs_links_hover_color":"","ocean_display_footer_widgets":"default","ocean_display_footer_bottom":"default","ocean_custom_footer_template":"","footnotes":""},"class_list":["post-808","page","type-page","status-publish","hentry","entry","owp-thumbs-layout-horizontal","owp-btn-normal","owp-tabs-layout-horizontal","has-no-thumbnails"],"yoast_head":"<!-- This site is optimized with the Yoast SEO plugin v27.4 - https:\/\/yoast.com\/product\/yoast-seo-wordpress\/ -->\n<title>Pol\u00edtica de Cookies - Dasca Vives - Agricultura ecol\u00f2gica<\/title>\n<meta name=\"robots\" content=\"index, follow, max-snippet:-1, max-image-preview:large, max-video-preview:-1\" \/>\n<link rel=\"canonical\" href=\"https:\/\/www.dascavives.com\/es\/politica-de-cookies\/\" \/>\n<meta property=\"og:locale\" content=\"es_ES\" \/>\n<meta property=\"og:type\" content=\"article\" \/>\n<meta property=\"og:title\" content=\"Pol\u00edtica de Cookies - Dasca Vives - Agricultura ecol\u00f2gica\" \/>\n<meta property=\"og:description\" content=\"En cumplimiento del Real Decreto-Ley 13\/2012, CELLER DASCA VIVES pide tu permiso para instalar cookies con el fin de obtener datos estad\u00edsticos de tu navegaci\u00f3n en esta p\u00e1gina web. Al continuar utilizando www.dascavives.com est\u00e1s aceptando la instalaci\u00f3n y el uso de las cookies necesarias. Sobre el uso de las galletas o cookies en este sitio [&hellip;]\" \/>\n<meta property=\"og:url\" content=\"https:\/\/www.dascavives.com\/es\/politica-de-cookies\/\" \/>\n<meta property=\"og:site_name\" content=\"Dasca Vives - Agricultura ecol\u00f2gica\" \/>\n<meta property=\"article:modified_time\" content=\"2025-04-17T08:16:35+00:00\" \/>\n<meta name=\"twitter:card\" content=\"summary_large_image\" \/>\n<meta name=\"twitter:label1\" content=\"Tiempo de lectura\" \/>\n\t<meta name=\"twitter:data1\" content=\"3 minutos\" \/>\n<script type=\"application\/ld+json\" class=\"yoast-schema-graph\">{\"@context\":\"https:\\\/\\\/schema.org\",\"@graph\":[{\"@type\":\"WebPage\",\"@id\":\"https:\\\/\\\/www.dascavives.com\\\/es\\\/politica-de-cookies\\\/\",\"url\":\"https:\\\/\\\/www.dascavives.com\\\/es\\\/politica-de-cookies\\\/\",\"name\":\"Pol\u00edtica de Cookies - Dasca Vives - Agricultura ecol\u00f2gica\",\"isPartOf\":{\"@id\":\"https:\\\/\\\/www.dascavives.com\\\/es\\\/#website\"},\"datePublished\":\"2025-02-06T15:25:11+00:00\",\"dateModified\":\"2025-04-17T08:16:35+00:00\",\"breadcrumb\":{\"@id\":\"https:\\\/\\\/www.dascavives.com\\\/es\\\/politica-de-cookies\\\/#breadcrumb\"},\"inLanguage\":\"es\",\"potentialAction\":[{\"@type\":\"ReadAction\",\"target\":[\"https:\\\/\\\/www.dascavives.com\\\/es\\\/politica-de-cookies\\\/\"]}]},{\"@type\":\"BreadcrumbList\",\"@id\":\"https:\\\/\\\/www.dascavives.com\\\/es\\\/politica-de-cookies\\\/#breadcrumb\",\"itemListElement\":[{\"@type\":\"ListItem\",\"position\":1,\"name\":\"Inici\",\"item\":\"https:\\\/\\\/www.dascavives.com\\\/es\\\/\"},{\"@type\":\"ListItem\",\"position\":2,\"name\":\"Pol\u00edtica de Cookies\"}]},{\"@type\":\"WebSite\",\"@id\":\"https:\\\/\\\/www.dascavives.com\\\/es\\\/#website\",\"url\":\"https:\\\/\\\/www.dascavives.com\\\/es\\\/\",\"name\":\"Dasca Vives - Agricultura ecol\u00f2gica\",\"description\":\"Celler Dasca Vives. Agricultura ecol\u00f2gica.\",\"publisher\":{\"@id\":\"https:\\\/\\\/www.dascavives.com\\\/es\\\/#organization\"},\"potentialAction\":[{\"@type\":\"SearchAction\",\"target\":{\"@type\":\"EntryPoint\",\"urlTemplate\":\"https:\\\/\\\/www.dascavives.com\\\/es\\\/?s={search_term_string}\"},\"query-input\":{\"@type\":\"PropertyValueSpecification\",\"valueRequired\":true,\"valueName\":\"search_term_string\"}}],\"inLanguage\":\"es\"},{\"@type\":\"Organization\",\"@id\":\"https:\\\/\\\/www.dascavives.com\\\/es\\\/#organization\",\"name\":\"Dasca Vives - Agricultura ecol\u00f2gica\",\"url\":\"https:\\\/\\\/www.dascavives.com\\\/es\\\/\",\"logo\":{\"@type\":\"ImageObject\",\"inLanguage\":\"es\",\"@id\":\"https:\\\/\\\/www.dascavives.com\\\/es\\\/#\\\/schema\\\/logo\\\/image\\\/\",\"url\":\"https:\\\/\\\/www.dascavives.com\\\/wp-content\\\/uploads\\\/2025\\\/04\\\/dasca-vives-logo-web.png\",\"contentUrl\":\"https:\\\/\\\/www.dascavives.com\\\/wp-content\\\/uploads\\\/2025\\\/04\\\/dasca-vives-logo-web.png\",\"width\":300,\"height\":91,\"caption\":\"Dasca Vives - Agricultura ecol\u00f2gica\"},\"image\":{\"@id\":\"https:\\\/\\\/www.dascavives.com\\\/es\\\/#\\\/schema\\\/logo\\\/image\\\/\"},\"sameAs\":[\"https:\\\/\\\/www.instagram.com\\\/dascavives\\\/\"]}]}<\/script>\n<!-- \/ Yoast SEO plugin. -->","yoast_head_json":{"title":"Pol\u00edtica de Cookies - Dasca Vives - Agricultura ecol\u00f2gica","robots":{"index":"index","follow":"follow","max-snippet":"max-snippet:-1","max-image-preview":"max-image-preview:large","max-video-preview":"max-video-preview:-1"},"canonical":"https:\/\/www.dascavives.com\/es\/politica-de-cookies\/","og_locale":"es_ES","og_type":"article","og_title":"Pol\u00edtica de Cookies - Dasca Vives - Agricultura ecol\u00f2gica","og_description":"En cumplimiento del Real Decreto-Ley 13\/2012, CELLER DASCA VIVES pide tu permiso para instalar cookies con el fin de obtener datos estad\u00edsticos de tu navegaci\u00f3n en esta p\u00e1gina web. Al continuar utilizando www.dascavives.com est\u00e1s aceptando la instalaci\u00f3n y el uso de las cookies necesarias. Sobre el uso de las galletas o cookies en este sitio [&hellip;]","og_url":"https:\/\/www.dascavives.com\/es\/politica-de-cookies\/","og_site_name":"Dasca Vives - Agricultura ecol\u00f2gica","article_modified_time":"2025-04-17T08:16:35+00:00","twitter_card":"summary_large_image","twitter_misc":{"Tiempo de lectura":"3 minutos"},"schema":{"@context":"https:\/\/schema.org","@graph":[{"@type":"WebPage","@id":"https:\/\/www.dascavives.com\/es\/politica-de-cookies\/","url":"https:\/\/www.dascavives.com\/es\/politica-de-cookies\/","name":"Pol\u00edtica de Cookies - Dasca Vives - Agricultura ecol\u00f2gica","isPartOf":{"@id":"https:\/\/www.dascavives.com\/es\/#website"},"datePublished":"2025-02-06T15:25:11+00:00","dateModified":"2025-04-17T08:16:35+00:00","breadcrumb":{"@id":"https:\/\/www.dascavives.com\/es\/politica-de-cookies\/#breadcrumb"},"inLanguage":"es","potentialAction":[{"@type":"ReadAction","target":["https:\/\/www.dascavives.com\/es\/politica-de-cookies\/"]}]},{"@type":"BreadcrumbList","@id":"https:\/\/www.dascavives.com\/es\/politica-de-cookies\/#breadcrumb","itemListElement":[{"@type":"ListItem","position":1,"name":"Inici","item":"https:\/\/www.dascavives.com\/es\/"},{"@type":"ListItem","position":2,"name":"Pol\u00edtica de Cookies"}]},{"@type":"WebSite","@id":"https:\/\/www.dascavives.com\/es\/#website","url":"https:\/\/www.dascavives.com\/es\/","name":"Dasca Vives - Agricultura ecol\u00f2gica","description":"Celler Dasca Vives. Agricultura ecol\u00f2gica.","publisher":{"@id":"https:\/\/www.dascavives.com\/es\/#organization"},"potentialAction":[{"@type":"SearchAction","target":{"@type":"EntryPoint","urlTemplate":"https:\/\/www.dascavives.com\/es\/?s={search_term_string}"},"query-input":{"@type":"PropertyValueSpecification","valueRequired":true,"valueName":"search_term_string"}}],"inLanguage":"es"},{"@type":"Organization","@id":"https:\/\/www.dascavives.com\/es\/#organization","name":"Dasca Vives - Agricultura ecol\u00f2gica","url":"https:\/\/www.dascavives.com\/es\/","logo":{"@type":"ImageObject","inLanguage":"es","@id":"https:\/\/www.dascavives.com\/es\/#\/schema\/logo\/image\/","url":"https:\/\/www.dascavives.com\/wp-content\/uploads\/2025\/04\/dasca-vives-logo-web.png","contentUrl":"https:\/\/www.dascavives.com\/wp-content\/uploads\/2025\/04\/dasca-vives-logo-web.png","width":300,"height":91,"caption":"Dasca Vives - Agricultura ecol\u00f2gica"},"image":{"@id":"https:\/\/www.dascavives.com\/es\/#\/schema\/logo\/image\/"},"sameAs":["https:\/\/www.instagram.com\/dascavives\/"]}]}},"_links":{"self":[{"href":"https:\/\/www.dascavives.com\/es\/wp-json\/wp\/v2\/pages\/808","targetHints":{"allow":["GET"]}}],"collection":[{"href":"https:\/\/www.dascavives.com\/es\/wp-json\/wp\/v2\/pages"}],"about":[{"href":"https:\/\/www.dascavives.com\/es\/wp-json\/wp\/v2\/types\/page"}],"author":[{"embeddable":true,"href":"https:\/\/www.dascavives.com\/es\/wp-json\/wp\/v2\/users\/1"}],"replies":[{"embeddable":true,"href":"https:\/\/www.dascavives.com\/es\/wp-json\/wp\/v2\/comments?post=808"}],"version-history":[{"count":0,"href":"https:\/\/www.dascavives.com\/es\/wp-json\/wp\/v2\/pages\/808\/revisions"}],"wp:attachment":[{"href":"https:\/\/www.dascavives.com\/es\/wp-json\/wp\/v2\/media?parent=808"}],"curies":[{"name":"wp","href":"https:\/\/api.w.org\/{rel}","templated":true}]}}