{"id":605,"date":"2025-04-04T16:16:47","date_gmt":"2025-04-04T14:16:47","guid":{"rendered":"https:\/\/www.dascavives.com\/carrito\/"},"modified":"2025-04-17T09:28:37","modified_gmt":"2025-04-17T07:28:37","slug":"carrito","status":"publish","type":"page","link":"https:\/\/www.dascavives.com\/es\/carrito\/","title":{"rendered":"Carrito"},"content":{"rendered":"\n<div data-block-name=\"woocommerce\/cart\" class=\"wp-block-woocommerce-cart alignwide is-loading\">\n<div data-block-name=\"woocommerce\/filled-cart-block\" class=\"wp-block-woocommerce-filled-cart-block\">\n<div data-block-name=\"woocommerce\/cart-items-block\" class=\"wp-block-woocommerce-cart-items-block\">\n<div data-block-name=\"woocommerce\/cart-line-items-block\" class=\"wp-block-woocommerce-cart-line-items-block\"><\/div>\n\n\n\n<div data-block-name=\"woocommerce\/cart-cross-sells-block\" class=\"wp-block-woocommerce-cart-cross-sells-block\">\n<h2 class=\"wp-block-heading has-large-font-size\">Os puede interesar\u2026<\/h2>\n\n\n\n<div data-block-name=\"woocommerce\/cart-cross-sells-products-block\" class=\"wp-block-woocommerce-cart-cross-sells-products-block\"><\/div>\n<\/div>\n<\/div>\n\n\n\n<div data-block-name=\"woocommerce\/cart-totals-block\" class=\"wp-block-woocommerce-cart-totals-block\">\n<div data-block-name=\"woocommerce\/cart-order-summary-block\" class=\"wp-block-woocommerce-cart-order-summary-block\">\n<div data-block-name=\"woocommerce\/cart-order-summary-heading-block\" data-content=\"Total del carrito\" class=\"wp-block-woocommerce-cart-order-summary-heading-block\"><\/div>\n\n\n\n<div data-block-name=\"woocommerce\/cart-order-summary-coupon-form-block\" class=\"wp-block-woocommerce-cart-order-summary-coupon-form-block\"><\/div>\n\n\n\n<div data-block-name=\"woocommerce\/cart-order-summary-totals-block\" class=\"wp-block-woocommerce-cart-order-summary-totals-block\">\n<div data-block-name=\"woocommerce\/cart-order-summary-subtotal-block\" class=\"wp-block-woocommerce-cart-order-summary-subtotal-block\"><\/div>\n\n\n\n<div data-block-name=\"woocommerce\/cart-order-summary-fee-block\" class=\"wp-block-woocommerce-cart-order-summary-fee-block\"><\/div>\n\n\n\n<div data-block-name=\"woocommerce\/cart-order-summary-discount-block\" class=\"wp-block-woocommerce-cart-order-summary-discount-block\"><\/div>\n\n\n\n<div data-block-name=\"woocommerce\/cart-order-summary-shipping-block\" class=\"wp-block-woocommerce-cart-order-summary-shipping-block\"><\/div>\n\n\n\n<div data-block-name=\"woocommerce\/cart-order-summary-taxes-block\" class=\"wp-block-woocommerce-cart-order-summary-taxes-block\"><\/div>\n<\/div>\n<\/div>\n\n\n\n<div data-block-name=\"woocommerce\/cart-express-payment-block\" class=\"wp-block-woocommerce-cart-express-payment-block\"><\/div>\n\n\n\n<div data-block-name=\"woocommerce\/proceed-to-checkout-block\" class=\"wp-block-woocommerce-proceed-to-checkout-block\"><\/div>\n\n\n\n<div data-block-name=\"woocommerce\/cart-accepted-payment-methods-block\" class=\"wp-block-woocommerce-cart-accepted-payment-methods-block\"><\/div>\n\n\n\n<hr class=\"wp-block-separator has-alpha-channel-opacity\"\/>\n\n\n\n<p><strong>TRANSPORTE GRATUITO A PARTIR DE 2 CAJAS DE VINO (6 botellas por caja).<\/strong><\/p>\n\n\n\n<p>Enviamos nuestros productos por toda la pen\u00ednsula. El coste var\u00eda seg\u00fan el peso, y la zona o provincia donde se env\u00eda.<\/p>\n\n\n\n<p>Para env\u00edos fuera de la pen\u00ednsula, <a href=\"https:\/\/www.dascavives.com\/es\/donde-estamos\/\" data-type=\"page\" data-id=\"73\">contacta<\/a><br\/>con nosotros.<\/p>\n<\/div>\n<\/div>\n\n\n\n<div data-block-name=\"woocommerce\/empty-cart-block\" class=\"wp-block-woocommerce-empty-cart-block\">\n<h2 class=\"wp-block-heading has-text-align-center with-empty-cart-icon wc-block-cart__empty-cart__title\">El carrito est\u00e1 vac\u00edo actualmente<\/h2>\n\n\n\n<hr class=\"wp-block-separator has-alpha-channel-opacity is-style-dots\"\/>\n\n\n\n<h2 class=\"wp-block-heading has-text-align-center\">Nuevo en la tienda<\/h2>\n\n\n<div data-block-name=\"woocommerce\/product-new\" data-columns=\"4\" data-rows=\"1\" class=\"wc-block-grid wp-block-product-new wp-block-woocommerce-product-new wc-block-product-new has-4-columns\"><ul class=\"wc-block-grid__products\"><li class=\"wc-block-grid__product\">\n\t\t\t\t<a href=\"https:\/\/www.dascavives.com\/es\/producte\/pasta-de-avellana\/\" class=\"wc-block-grid__product-link\">\n\t\t\t\t\t\n\t\t\t\t\t<div class=\"wc-block-grid__product-image\"><img fetchpriority=\"high\" decoding=\"async\" width=\"300\" height=\"422\" src=\"https:\/\/www.dascavives.com\/wp-content\/uploads\/2025\/04\/Avellana-1-300x422.jpg\" class=\"attachment-woocommerce_thumbnail size-woocommerce_thumbnail\" alt=\"Pasta de avellana\" srcset=\"https:\/\/www.dascavives.com\/wp-content\/uploads\/2025\/04\/Avellana-1-300x422.jpg 300w, https:\/\/www.dascavives.com\/wp-content\/uploads\/2025\/04\/Avellana-1-214x300.jpg 214w, https:\/\/www.dascavives.com\/wp-content\/uploads\/2025\/04\/Avellana-1.jpg 600w\" sizes=\"(max-width: 300px) 100vw, 300px\" \/><\/div>\n\t\t\t\t\t<div class=\"wc-block-grid__product-title\">PASTA DE AVELLANA 180 GR<\/div>\n\t\t\t\t<\/a>\n\t\t\t\t<div class=\"wc-block-grid__product-price price\"><span class=\"woocommerce-Price-amount amount\">6,00&nbsp;<span class=\"woocommerce-Price-currencySymbol\">&euro;<\/span><\/span><\/div>\n\t\t\t\t\n\t\t\t\t<div class=\"wp-block-button wc-block-grid__product-add-to-cart\"><a href=\"\/es\/wp-json\/wp\/v2\/pages\/605?add-to-cart=994\" aria-label=\"A\u00f1adir al carrito: &ldquo;PASTA DE AVELLANA 180 GR&rdquo;\" data-quantity=\"1\" data-product_id=\"994\" data-product_sku=\"\" data-price=\"6\" rel=\"nofollow\" class=\"wp-block-button__link  add_to_cart_button ajax_add_to_cart\">A\u00f1adir al carrito<\/a><\/div>\n\t\t\t<\/li><li class=\"wc-block-grid__product\">\n\t\t\t\t<a href=\"https:\/\/www.dascavives.com\/es\/producte\/crema-de-avellana-uva-y-algarroba\/\" class=\"wc-block-grid__product-link\">\n\t\t\t\t\t\n\t\t\t\t\t<div class=\"wc-block-grid__product-image\"><img decoding=\"async\" width=\"300\" height=\"422\" src=\"https:\/\/www.dascavives.com\/wp-content\/uploads\/2025\/04\/Avellana-i-raim-300x422.jpg\" class=\"attachment-woocommerce_thumbnail size-woocommerce_thumbnail\" alt=\"Crema de avellana, uva y algarroba del Celler Dasca Vives\" srcset=\"https:\/\/www.dascavives.com\/wp-content\/uploads\/2025\/04\/Avellana-i-raim-300x422.jpg 300w, https:\/\/www.dascavives.com\/wp-content\/uploads\/2025\/04\/Avellana-i-raim-214x300.jpg 214w, https:\/\/www.dascavives.com\/wp-content\/uploads\/2025\/04\/Avellana-i-raim.jpg 600w\" sizes=\"(max-width: 300px) 100vw, 300px\" \/><\/div>\n\t\t\t\t\t<div class=\"wc-block-grid__product-title\">CREMA DE AVELLANA, UVA Y ALGARROBA 200 GR.<\/div>\n\t\t\t\t<\/a>\n\t\t\t\t<div class=\"wc-block-grid__product-price price\"><span class=\"woocommerce-Price-amount amount\">6,00&nbsp;<span class=\"woocommerce-Price-currencySymbol\">&euro;<\/span><\/span><\/div>\n\t\t\t\t\n\t\t\t\t<div class=\"wp-block-button wc-block-grid__product-add-to-cart\"><a href=\"\/es\/wp-json\/wp\/v2\/pages\/605?add-to-cart=995\" aria-label=\"A\u00f1adir al carrito: &ldquo;CREMA DE AVELLANA, UVA Y ALGARROBA 200 GR.&rdquo;\" data-quantity=\"1\" data-product_id=\"995\" data-product_sku=\"\" data-price=\"6\" rel=\"nofollow\" class=\"wp-block-button__link  add_to_cart_button ajax_add_to_cart\">A\u00f1adir al carrito<\/a><\/div>\n\t\t\t<\/li><li class=\"wc-block-grid__product\">\n\t\t\t\t<a href=\"https:\/\/www.dascavives.com\/es\/producte\/aceite-de-oliva-5l\/\" class=\"wc-block-grid__product-link\">\n\t\t\t\t\t\n\t\t\t\t\t<div class=\"wc-block-grid__product-image\"><img decoding=\"async\" width=\"300\" height=\"450\" src=\"https:\/\/www.dascavives.com\/wp-content\/uploads\/2025\/04\/oli5l-300x450.jpg\" class=\"attachment-woocommerce_thumbnail size-woocommerce_thumbnail\" alt=\"Aceite de oliva ecol\u00f3gico virgen extra del Celler Dasca Vives\" srcset=\"https:\/\/www.dascavives.com\/wp-content\/uploads\/2025\/04\/oli5l-300x450.jpg 300w, https:\/\/www.dascavives.com\/wp-content\/uploads\/2025\/04\/oli5l-200x300.jpg 200w, https:\/\/www.dascavives.com\/wp-content\/uploads\/2025\/04\/oli5l.jpg 400w\" sizes=\"(max-width: 300px) 100vw, 300px\" \/><\/div>\n\t\t\t\t\t<div class=\"wc-block-grid__product-title\">ACEITE DE OLIVA 5 L COSECHA 2024<\/div>\n\t\t\t\t<\/a>\n\t\t\t\t<div class=\"wc-block-grid__product-price price\"><span class=\"woocommerce-Price-amount amount\">55,00&nbsp;<span class=\"woocommerce-Price-currencySymbol\">&euro;<\/span><\/span><\/div>\n\t\t\t\t\n\t\t\t\t<div class=\"wp-block-button wc-block-grid__product-add-to-cart\"><a href=\"https:\/\/www.dascavives.com\/es\/producte\/aceite-de-oliva-5l\/\" aria-label=\"Lee m\u00e1s sobre &ldquo;ACEITE DE OLIVA 5 L COSECHA 2024&rdquo;\" data-quantity=\"1\" data-product_id=\"996\" data-product_sku=\"\" data-price=\"55\" rel=\"nofollow\" class=\"wp-block-button__link  add_to_cart_button\">Leer m\u00e1s<\/a><\/div>\n\t\t\t<\/li><li class=\"wc-block-grid__product\">\n\t\t\t\t<a href=\"https:\/\/www.dascavives.com\/es\/producte\/aceite-de-oliva-virgen-extra-0-5l\/\" class=\"wc-block-grid__product-link\">\n\t\t\t\t\t\n\t\t\t\t\t<div class=\"wc-block-grid__product-image\"><img loading=\"lazy\" decoding=\"async\" width=\"300\" height=\"453\" src=\"https:\/\/www.dascavives.com\/wp-content\/uploads\/2025\/04\/Oli-doliva-del-raig-2024-300x453.jpg\" class=\"attachment-woocommerce_thumbnail size-woocommerce_thumbnail\" alt=\"Aceite de oliva de la primera prensada 2024\" srcset=\"https:\/\/www.dascavives.com\/wp-content\/uploads\/2025\/04\/Oli-doliva-del-raig-2024-300x453.jpg 300w, https:\/\/www.dascavives.com\/wp-content\/uploads\/2025\/04\/Oli-doliva-del-raig-2024-199x300.jpg 199w, https:\/\/www.dascavives.com\/wp-content\/uploads\/2025\/04\/Oli-doliva-del-raig-2024-600x906.jpg 600w, https:\/\/www.dascavives.com\/wp-content\/uploads\/2025\/04\/Oli-doliva-del-raig-2024.jpg 662w\" sizes=\"(max-width: 300px) 100vw, 300px\" \/><\/div>\n\t\t\t\t\t<div class=\"wc-block-grid__product-title\">ACEITE DE OLIVA DE PRIMERA PRENSADA 0,5 L COSECHA 2024<\/div>\n\t\t\t\t<\/a>\n\t\t\t\t<div class=\"wc-block-grid__product-price price\"><span class=\"woocommerce-Price-amount amount\">9,00&nbsp;<span class=\"woocommerce-Price-currencySymbol\">&euro;<\/span><\/span><\/div>\n\t\t\t\t\n\t\t\t\t<div class=\"wp-block-button wc-block-grid__product-add-to-cart\"><a href=\"https:\/\/www.dascavives.com\/es\/producte\/aceite-de-oliva-virgen-extra-0-5l\/\" aria-label=\"Lee m\u00e1s sobre &ldquo;ACEITE DE OLIVA DE PRIMERA PRENSADA 0,5 L COSECHA 2024&rdquo;\" data-quantity=\"1\" data-product_id=\"997\" data-product_sku=\"\" data-price=\"9\" rel=\"nofollow\" class=\"wp-block-button__link  add_to_cart_button\">Leer m\u00e1s<\/a><\/div>\n\t\t\t<\/li><\/ul><\/div><\/div>\n<\/div>\n","protected":false},"excerpt":{"rendered":"","protected":false},"author":1,"featured_media":0,"parent":0,"menu_order":0,"comment_status":"closed","ping_status":"closed","template":"","meta":{"ocean_post_layout":"full-width","ocean_both_sidebars_style":"","ocean_both_sidebars_content_width":0,"ocean_both_sidebars_sidebars_width":0,"ocean_sidebar":"","ocean_second_sidebar":"","ocean_disable_margins":"enable","ocean_add_body_class":"","ocean_shortcode_before_top_bar":"","ocean_shortcode_after_top_bar":"","ocean_shortcode_before_header":"","ocean_shortcode_after_header":"","ocean_has_shortcode":"","ocean_shortcode_after_title":"","ocean_shortcode_before_footer_widgets":"","ocean_shortcode_after_footer_widgets":"","ocean_shortcode_before_footer_bottom":"","ocean_shortcode_after_footer_bottom":"","ocean_display_top_bar":"default","ocean_display_header":"default","ocean_header_style":"","ocean_center_header_left_menu":"","ocean_custom_header_template":"","ocean_custom_logo":0,"ocean_custom_retina_logo":0,"ocean_custom_logo_max_width":0,"ocean_custom_logo_tablet_max_width":0,"ocean_custom_logo_mobile_max_width":0,"ocean_custom_logo_max_height":0,"ocean_custom_logo_tablet_max_height":0,"ocean_custom_logo_mobile_max_height":0,"ocean_header_custom_menu":"","ocean_menu_typo_font_family":"","ocean_menu_typo_font_subset":"","ocean_menu_typo_font_size":0,"ocean_menu_typo_font_size_tablet":0,"ocean_menu_typo_font_size_mobile":0,"ocean_menu_typo_font_size_unit":"px","ocean_menu_typo_font_weight":"","ocean_menu_typo_font_weight_tablet":"","ocean_menu_typo_font_weight_mobile":"","ocean_menu_typo_transform":"","ocean_menu_typo_transform_tablet":"","ocean_menu_typo_transform_mobile":"","ocean_menu_typo_line_height":0,"ocean_menu_typo_line_height_tablet":0,"ocean_menu_typo_line_height_mobile":0,"ocean_menu_typo_line_height_unit":"","ocean_menu_typo_spacing":0,"ocean_menu_typo_spacing_tablet":0,"ocean_menu_typo_spacing_mobile":0,"ocean_menu_typo_spacing_unit":"","ocean_menu_link_color":"","ocean_menu_link_color_hover":"","ocean_menu_link_color_active":"","ocean_menu_link_background":"","ocean_menu_link_hover_background":"","ocean_menu_link_active_background":"","ocean_menu_social_links_bg":"","ocean_menu_social_hover_links_bg":"","ocean_menu_social_links_color":"","ocean_menu_social_hover_links_color":"","ocean_disable_title":"default","ocean_disable_heading":"default","ocean_post_title":"","ocean_post_subheading":"","ocean_post_title_style":"","ocean_post_title_background_color":"","ocean_post_title_background":0,"ocean_post_title_bg_image_position":"","ocean_post_title_bg_image_attachment":"","ocean_post_title_bg_image_repeat":"","ocean_post_title_bg_image_size":"","ocean_post_title_height":0,"ocean_post_title_bg_overlay":0.5,"ocean_post_title_bg_overlay_color":"","ocean_disable_breadcrumbs":"default","ocean_breadcrumbs_color":"","ocean_breadcrumbs_separator_color":"","ocean_breadcrumbs_links_color":"","ocean_breadcrumbs_links_hover_color":"","ocean_display_footer_widgets":"default","ocean_display_footer_bottom":"default","ocean_custom_footer_template":"","footnotes":""},"class_list":["post-605","page","type-page","status-publish","hentry","entry","owp-thumbs-layout-horizontal","owp-btn-normal","owp-tabs-layout-horizontal","has-no-thumbnails"],"yoast_head":"<!-- This site is optimized with the Yoast SEO plugin v27.5 - https:\/\/yoast.com\/product\/yoast-seo-wordpress\/ -->\n<title>Carrito - Dasca Vives - Agricultura ecol\u00f2gica<\/title>\n<meta name=\"robots\" content=\"index, follow, max-snippet:-1, max-image-preview:large, max-video-preview:-1\" \/>\n<link rel=\"canonical\" href=\"https:\/\/www.dascavives.com\/es\/carrito\/\" \/>\n<meta property=\"og:locale\" content=\"es_ES\" \/>\n<meta property=\"og:type\" content=\"article\" \/>\n<meta property=\"og:title\" content=\"Carrito - Dasca Vives - Agricultura ecol\u00f2gica\" \/>\n<meta property=\"og:url\" content=\"https:\/\/www.dascavives.com\/es\/carrito\/\" \/>\n<meta property=\"og:site_name\" content=\"Dasca Vives - Agricultura ecol\u00f2gica\" \/>\n<meta property=\"article:modified_time\" content=\"2025-04-17T07:28:37+00:00\" \/>\n<meta name=\"twitter:card\" content=\"summary_large_image\" \/>\n<script type=\"application\/ld+json\" class=\"yoast-schema-graph\">{\"@context\":\"https:\\\/\\\/schema.org\",\"@graph\":[{\"@type\":\"WebPage\",\"@id\":\"https:\\\/\\\/www.dascavives.com\\\/es\\\/carrito\\\/\",\"url\":\"https:\\\/\\\/www.dascavives.com\\\/es\\\/carrito\\\/\",\"name\":\"Carrito - Dasca Vives - Agricultura ecol\u00f2gica\",\"isPartOf\":{\"@id\":\"https:\\\/\\\/www.dascavives.com\\\/es\\\/#website\"},\"datePublished\":\"2025-04-04T14:16:47+00:00\",\"dateModified\":\"2025-04-17T07:28:37+00:00\",\"breadcrumb\":{\"@id\":\"https:\\\/\\\/www.dascavives.com\\\/es\\\/carrito\\\/#breadcrumb\"},\"inLanguage\":\"es\",\"potentialAction\":[{\"@type\":\"ReadAction\",\"target\":[\"https:\\\/\\\/www.dascavives.com\\\/es\\\/carrito\\\/\"]}]},{\"@type\":\"BreadcrumbList\",\"@id\":\"https:\\\/\\\/www.dascavives.com\\\/es\\\/carrito\\\/#breadcrumb\",\"itemListElement\":[{\"@type\":\"ListItem\",\"position\":1,\"name\":\"Inici\",\"item\":\"https:\\\/\\\/www.dascavives.com\\\/es\\\/\"},{\"@type\":\"ListItem\",\"position\":2,\"name\":\"Carrito\"}]},{\"@type\":\"WebSite\",\"@id\":\"https:\\\/\\\/www.dascavives.com\\\/es\\\/#website\",\"url\":\"https:\\\/\\\/www.dascavives.com\\\/es\\\/\",\"name\":\"Dasca Vives - Agricultura ecol\u00f2gica\",\"description\":\"Celler Dasca Vives. Agricultura ecol\u00f2gica.\",\"publisher\":{\"@id\":\"https:\\\/\\\/www.dascavives.com\\\/es\\\/#organization\"},\"potentialAction\":[{\"@type\":\"SearchAction\",\"target\":{\"@type\":\"EntryPoint\",\"urlTemplate\":\"https:\\\/\\\/www.dascavives.com\\\/es\\\/?s={search_term_string}\"},\"query-input\":{\"@type\":\"PropertyValueSpecification\",\"valueRequired\":true,\"valueName\":\"search_term_string\"}}],\"inLanguage\":\"es\"},{\"@type\":\"Organization\",\"@id\":\"https:\\\/\\\/www.dascavives.com\\\/es\\\/#organization\",\"name\":\"Dasca Vives - Agricultura ecol\u00f2gica\",\"url\":\"https:\\\/\\\/www.dascavives.com\\\/es\\\/\",\"logo\":{\"@type\":\"ImageObject\",\"inLanguage\":\"es\",\"@id\":\"https:\\\/\\\/www.dascavives.com\\\/es\\\/#\\\/schema\\\/logo\\\/image\\\/\",\"url\":\"https:\\\/\\\/www.dascavives.com\\\/wp-content\\\/uploads\\\/2025\\\/04\\\/dasca-vives-logo-web.png\",\"contentUrl\":\"https:\\\/\\\/www.dascavives.com\\\/wp-content\\\/uploads\\\/2025\\\/04\\\/dasca-vives-logo-web.png\",\"width\":300,\"height\":91,\"caption\":\"Dasca Vives - Agricultura ecol\u00f2gica\"},\"image\":{\"@id\":\"https:\\\/\\\/www.dascavives.com\\\/es\\\/#\\\/schema\\\/logo\\\/image\\\/\"},\"sameAs\":[\"https:\\\/\\\/www.instagram.com\\\/dascavives\\\/\"]}]}<\/script>\n<!-- \/ Yoast SEO plugin. -->","yoast_head_json":{"title":"Carrito - Dasca Vives - Agricultura ecol\u00f2gica","robots":{"index":"index","follow":"follow","max-snippet":"max-snippet:-1","max-image-preview":"max-image-preview:large","max-video-preview":"max-video-preview:-1"},"canonical":"https:\/\/www.dascavives.com\/es\/carrito\/","og_locale":"es_ES","og_type":"article","og_title":"Carrito - Dasca Vives - Agricultura ecol\u00f2gica","og_url":"https:\/\/www.dascavives.com\/es\/carrito\/","og_site_name":"Dasca Vives - Agricultura ecol\u00f2gica","article_modified_time":"2025-04-17T07:28:37+00:00","twitter_card":"summary_large_image","schema":{"@context":"https:\/\/schema.org","@graph":[{"@type":"WebPage","@id":"https:\/\/www.dascavives.com\/es\/carrito\/","url":"https:\/\/www.dascavives.com\/es\/carrito\/","name":"Carrito - Dasca Vives - Agricultura ecol\u00f2gica","isPartOf":{"@id":"https:\/\/www.dascavives.com\/es\/#website"},"datePublished":"2025-04-04T14:16:47+00:00","dateModified":"2025-04-17T07:28:37+00:00","breadcrumb":{"@id":"https:\/\/www.dascavives.com\/es\/carrito\/#breadcrumb"},"inLanguage":"es","potentialAction":[{"@type":"ReadAction","target":["https:\/\/www.dascavives.com\/es\/carrito\/"]}]},{"@type":"BreadcrumbList","@id":"https:\/\/www.dascavives.com\/es\/carrito\/#breadcrumb","itemListElement":[{"@type":"ListItem","position":1,"name":"Inici","item":"https:\/\/www.dascavives.com\/es\/"},{"@type":"ListItem","position":2,"name":"Carrito"}]},{"@type":"WebSite","@id":"https:\/\/www.dascavives.com\/es\/#website","url":"https:\/\/www.dascavives.com\/es\/","name":"Dasca Vives - Agricultura ecol\u00f2gica","description":"Celler Dasca Vives. Agricultura ecol\u00f2gica.","publisher":{"@id":"https:\/\/www.dascavives.com\/es\/#organization"},"potentialAction":[{"@type":"SearchAction","target":{"@type":"EntryPoint","urlTemplate":"https:\/\/www.dascavives.com\/es\/?s={search_term_string}"},"query-input":{"@type":"PropertyValueSpecification","valueRequired":true,"valueName":"search_term_string"}}],"inLanguage":"es"},{"@type":"Organization","@id":"https:\/\/www.dascavives.com\/es\/#organization","name":"Dasca Vives - Agricultura ecol\u00f2gica","url":"https:\/\/www.dascavives.com\/es\/","logo":{"@type":"ImageObject","inLanguage":"es","@id":"https:\/\/www.dascavives.com\/es\/#\/schema\/logo\/image\/","url":"https:\/\/www.dascavives.com\/wp-content\/uploads\/2025\/04\/dasca-vives-logo-web.png","contentUrl":"https:\/\/www.dascavives.com\/wp-content\/uploads\/2025\/04\/dasca-vives-logo-web.png","width":300,"height":91,"caption":"Dasca Vives - Agricultura ecol\u00f2gica"},"image":{"@id":"https:\/\/www.dascavives.com\/es\/#\/schema\/logo\/image\/"},"sameAs":["https:\/\/www.instagram.com\/dascavives\/"]}]}},"_links":{"self":[{"href":"https:\/\/www.dascavives.com\/es\/wp-json\/wp\/v2\/pages\/605","targetHints":{"allow":["GET"]}}],"collection":[{"href":"https:\/\/www.dascavives.com\/es\/wp-json\/wp\/v2\/pages"}],"about":[{"href":"https:\/\/www.dascavives.com\/es\/wp-json\/wp\/v2\/types\/page"}],"author":[{"embeddable":true,"href":"https:\/\/www.dascavives.com\/es\/wp-json\/wp\/v2\/users\/1"}],"replies":[{"embeddable":true,"href":"https:\/\/www.dascavives.com\/es\/wp-json\/wp\/v2\/comments?post=605"}],"version-history":[{"count":0,"href":"https:\/\/www.dascavives.com\/es\/wp-json\/wp\/v2\/pages\/605\/revisions"}],"wp:attachment":[{"href":"https:\/\/www.dascavives.com\/es\/wp-json\/wp\/v2\/media?parent=605"}],"curies":[{"name":"wp","href":"https:\/\/api.w.org\/{rel}","templated":true}]}}